{"id":2488,"date":"2023-06-08T09:43:21","date_gmt":"2023-06-08T07:43:21","guid":{"rendered":"https:\/\/planeat.today\/informativa-sulla-privacy\/"},"modified":"2024-05-08T11:40:33","modified_gmt":"2024-05-08T09:40:33","slug":"informativa-sulla-privacy","status":"publish","type":"page","link":"https:\/\/planeat.today\/it\/avviso-legale\/informativa-sulla-privacy\/","title":{"rendered":"Informativa sulla privacy"},"content":{"rendered":"\n<p>Informativa sulla privacy&#13;\nDi seguito vi informiamo sul trattamento che effettueremo sui dati personali che ci fornirete. In ogni caso, in ogni luogo in cui richiederemo i vostri dati, vi informeremo in dettaglio su chi \u00e8 responsabile del trattamento dei vostri dati, sulle finalit\u00e0 del trattamento, sulla base giuridica di legittimazione, su chi comunicheremo i vostri dati, se applicabile, e su come potete esercitare i vostri diritti.&#13;\n<\/p>\n\n<p><ol>&#13;\n<li><b> CHI \u00c8 RESPONSABILE DEL TRATTAMENTO DEI VOSTRI DATI?<\/b><\/li>&#13;\n<\/ol><\/p>\n\n<p><p><span style=\"font-weight: 400;\">Desarrollos T\u00e9cnicos Soluciones TIC, S.L.<\/span><\/p>&#13;\n<p><span style=\"font-weight: 400;\">C\/ Cam\u00ed dels Talecons n\u00ba 24, 03804, Alcoy (Alicante)<\/span><\/p>&#13;\n<p><span style=\"font-weight: 400;\">CIF: B54495700<\/span><\/p><\/p>\n\n<p><\/p>\n\n<p><ol start=\"2\">&#13;\n<li><b> QUAL \u00c8 LO SCOPO DEL TRATTAMENTO DEI DATI?<\/b><\/li>&#13;\n<\/ol><\/p>\n\n<p>Desarrollos T\u00e9cnicos Soluciones TIC, S.L. tratter\u00e0 i vostri dati per le seguenti finalit\u00e0:&#13;\n<\/p>\n\n<ul class=\"wp-block-list\">\n<li>Per poter valutare il suo stato di salute e il suo stato nutrizionale, per elaborare piani d&#8217;azione per migliorare la sua salute nutrizionale e per poter monitorare i suoi progressi. A tal fine, oltre ai dati identificativi (nome e cognome, telefono, e-mail e immagine), dovr\u00e0 fornirci dati quali hobby e stile di vita, dati familiari, data di nascita, et\u00e0, sesso, professione o lavoro, e dati sanitari, tra cui anamnesi patologica, interventi chirurgici, trattamenti farmacologici in corso e dati antropometrici relativi a peso, altezza e circonferenza vita e fianchi. I dati saranno conservati per 5 anni dall&#8217;ultima visita.&#13;\n<\/li>\n\n\n\n<li>Per elaborare l&#8217;ordine, effettuare la fatturazione e gestire il pagamento. A tal fine abbiamo bisogno solo dei vostri dati identificativi quali nome, cognome, numero di telefono e indirizzo e-mail. Conserveremo i vostri dati per 5 anni.&#13;\n<\/li>\n\n\n\n<li>Per pubblicare i video e le foto che ci inviate sui nostri profili social e sul nostro sito web, in modo da condividere i vostri successi. I dati che pubblicheremo saranno il vostro nome, cognome, voce\/immagine e i dati antropometrici che ci fornirete. &#13;\n<\/li>\n\n\n\n<li>Conserveremo i vostri dati fino a quando non ci chiederete di cancellarli.&#13;\nPer inviarvi la nostra newsletter, se desiderate riceverla. Conserveremo i vostri dati finch\u00e9 non ci chiederete di cancellarli.&#13;\n<\/li>\n<\/ul>\n\n<p><ol start=\"3\">&#13;\n<li><b> QUAL \u00c8 LA BASE GIURIDICA DEL TRATTAMENTO DEI VOSTRI DATI?<\/b><\/li>&#13;\n<\/ol><\/p>\n\n<p>A seconda della finalit\u00e0, la base giuridica del consenso varia:<\/p>\n\n<ul class=\"wp-block-list\">\n<li>Per valutare il vostro stato di salute e il vostro stato nutrizionale, per elaborare piani d&#8217;azione per migliorare la vostra salute nutrizionale e per monitorare i vostri progressi, dobbiamo necessariamente avere il vostro consenso.<\/li>\n\n\n\n<li>Per la gestione del Suo ordine, la fatturazione e la gestione dei pagamenti, la nostra base giuridica di legittimit\u00e0 \u00e8 l&#8217;esecuzione di un contratto di cui l&#8217;interessato \u00e8 parte.<\/li>\n\n\n\n<li>Per pubblicare i video e le foto che ci inviate sui nostri profili social e sul nostro sito web e per condividere i vostri successi, avremo bisogno del vostro consenso.<\/li>\n\n\n\n<li>Per inviarvi la nostra newsletter, se desiderate riceverla, abbiamo bisogno del vostro consenso.<\/li>\n<\/ul>\n\n<p><ol start=\"4\">&#13;\n<li><b> A CHI SARANNO COMUNICATI I VOSTRI DATI PERSONALI?<\/b><\/li>&#13;\n<\/ol><\/p>\n\n<p>Non \u00e8 prevista la comunicazione dei Suoi dati personali a terzi.<\/p>\n\n<p><ol start=\"5\">&#13;\n<li><b> QUALI SONO I VOSTRI DIRITTI QUANDO CI FORNITE I VOSTRI DATI PERSONALI?<\/b><\/li>&#13;\n<\/ol><\/p>\n\n<p>Avete il diritto di:<\/p>\n\n<ul class=\"wp-block-list\">\n<li>Accedere ai vostri dati personali.<\/li>\n\n\n\n<li>richiederne la rettifica<\/li>\n\n\n\n<li>Richiedere la loro cancellazione.<\/li>\n\n\n\n<li>Opporsi al loro trattamento.<\/li>\n\n\n\n<li>Richiedere la limitazione del trattamento.<\/li>\n\n\n\n<li>La portabilit\u00e0 dei dati personali.<\/li>\n<\/ul>\n\n<p>Potete esercitare i vostri diritti scrivendo al seguente indirizzo: Desarrollos T\u00e9cnicos Soluciones TIC, S.L. C\/ Cam\u00ed dels Talecons n\u00ba 24, 03804, Alcoy (Alicante) CIF: B54495700&#13;\n<\/p>\n\n<p>La richiesta deve includere data, nome e cognome, richiesta in cui si specifica la richiesta, indirizzo ai fini delle notifiche. Al fine di dissipare ogni ragionevole dubbio sull&#8217;identit\u00e0 della persona fisica che presenta la richiesta, vi chiediamo di fornire la vostra carta d&#8217;identit\u00e0 o un documento simile per confermare la vostra identit\u00e0.&#13;\n<\/p>\n\n<p>Se ritenete che Desarrollos T\u00e9cnicos Soluciones TIC, S.L. non abbia risolto correttamente la vostra richiesta, potete rivolgervi all&#8217;Agenzia spagnola per la protezione dei dati personali, i cui dati possono essere consultati all&#8217;indirizzo www.agpd.es.&#13;\n<\/p>\n","protected":false},"excerpt":{"rendered":"<p>Informativa sulla privacy&#13; Di seguito vi informiamo sul trattamento che effettueremo sui dati personali che ci fornirete. In ogni caso, in ogni luogo in cui richiederemo i vostri dati, vi informeremo in dettaglio su chi \u00e8 responsabile del trattamento dei vostri dati, sulle finalit\u00e0 del trattamento, sulla base giuridica di legittimazione, su chi comunicheremo i [&hellip;]<\/p>\n","protected":false},"author":2,"featured_media":0,"parent":2484,"menu_order":0,"comment_status":"closed","ping_status":"closed","template":"","meta":{"_et_pb_use_builder":"off","_et_pb_old_content":"","_et_gb_content_width":"","footnotes":""},"class_list":["post-2488","page","type-page","status-publish","hentry"],"_links":{"self":[{"href":"https:\/\/planeat.today\/it\/wp-json\/wp\/v2\/pages\/2488","targetHints":{"allow":["GET"]}}],"collection":[{"href":"https:\/\/planeat.today\/it\/wp-json\/wp\/v2\/pages"}],"about":[{"href":"https:\/\/planeat.today\/it\/wp-json\/wp\/v2\/types\/page"}],"author":[{"embeddable":true,"href":"https:\/\/planeat.today\/it\/wp-json\/wp\/v2\/users\/2"}],"replies":[{"embeddable":true,"href":"https:\/\/planeat.today\/it\/wp-json\/wp\/v2\/comments?post=2488"}],"version-history":[{"count":1,"href":"https:\/\/planeat.today\/it\/wp-json\/wp\/v2\/pages\/2488\/revisions"}],"predecessor-version":[{"id":2489,"href":"https:\/\/planeat.today\/it\/wp-json\/wp\/v2\/pages\/2488\/revisions\/2489"}],"up":[{"embeddable":true,"href":"https:\/\/planeat.today\/it\/wp-json\/wp\/v2\/pages\/2484"}],"wp:attachment":[{"href":"https:\/\/planeat.today\/it\/wp-json\/wp\/v2\/media?parent=2488"}],"curies":[{"name":"wp","href":"https:\/\/api.w.org\/{rel}","templated":true}]}}