{"id":2484,"date":"2023-06-08T09:44:59","date_gmt":"2023-06-08T07:44:59","guid":{"rendered":"https:\/\/planeat.today\/avviso-legale\/"},"modified":"2024-05-20T13:44:32","modified_gmt":"2024-05-20T11:44:32","slug":"avviso-legale","status":"publish","type":"page","link":"https:\/\/planeat.today\/it\/avviso-legale\/","title":{"rendered":"Avviso legale"},"content":{"rendered":"\n<h4 class=\"wp-block-heading\"><p><b>&gt; CHI SIAMO<\/b><\/p><\/h4>\n\n\n\n<p><p><span style=\"font-weight: 400;\">Plan Eat \u00e8 un servizio offerto dalla societ\u00e0 spagnola Desarrollos T\u00e9cnicos Soluciones TIC, S.L. C\/ Cam\u00ed dels Talecons n\u00ba 24, 03804, Alcoy (Alicante).<\/span><\/p>&#13;\n<p><span style=\"font-weight: 400;\">CIF: B54495700 e regolarmente iscritta nel Registro Mercantile di Alicante il 22 giugno 2005, nel Volume 2.946, Folio 219, Pagina A-93.062 e 1a Iscrizione.<\/span><\/p><\/p>\n\n\n\n<p><p><span style=\"font-weight: 400;\">Il servizio di nutrizione e dietetica \u00e8 fornito dalla socia Neus Palacios, con numero di iscrizione CV00442 al Collegio Ufficiale dei Dietisti e Nutrizionisti della Comunitat Valenciana, e dalla socia Amparo Pastor, con numero di iscrizione CV00693 al Collegio Ufficiale dei Dietisti e Nutrizionisti della Comunitat Valenciana.<\/span><\/p><\/p>\n\n\n\n<p><p><span style=\"font-weight: 400;\">\u00c8 possibile contattarci per posta all&#8217;indirizzo sopra indicato, per telefono ai numeri <em><strong><a href=\"tel:902611348\">902 611 348<\/a><\/strong>,\u00a0<strong><a href=\"tel:965051063\">965 051 063<\/a><\/strong>\u00a0<\/em> o per e-mail all&#8217;indirizzo <em><strong><a href=\"mailto:info@corporissanum.com\">info@planeat.me<\/a><\/strong><\/em><\/span><\/p><\/p>\n\n\n\n<h4 class=\"wp-block-heading\"><p><b>&gt; CONDIZIONI GENERALI DI UTILIZZO DEL PORTALE WEB<\/b><\/p><\/h4>\n\n\n\n<p>Le condizioni generali contenute nel presente avviso legale regolano l&#8217;accesso e l&#8217;uso del sito web che Desarrollos T\u00e9cnicos Soluciones TIC, S.L., in linea di principio, mette liberamente a disposizione degli utenti di Internet, fermo restando che questa circostanza pu\u00f2 cambiare in futuro.<\/p>\n\n\n\n<p>L&#8217;accesso allo stesso implica l&#8217;accettazione senza riserve delle presenti condizioni. L&#8217;utilizzo di alcuni servizi offerti su questo sito sar\u00e0 inoltre regolato dalle condizioni specifiche di volta in volta stabilite, che si intendono accettate con il semplice utilizzo di tali servizi.<\/p>\n\n\n\n<h4 class=\"wp-block-heading\"><p><b>&gt; AUTORIZZAZIONE<\/b><\/p><\/h4>\n\n\n\n<p>La visualizzazione, la stampa e il download parziale del contenuto del sito web sono autorizzati solo ed esclusivamente se sono soddisfatte le seguenti condizioni:<\/p>\n\n\n\n<p>1. Che sia compatibile con le finalit\u00e0 del sito web.<\/p>\n\n\n\n<p>2. Che sia fatto al solo scopo di ottenere le informazioni in esso contenute per uso personale e privato. \u00c8 espressamente vietato l&#8217;uso a fini commerciali o di distribuzione, comunicazione pubblica, trasformazione o decompilazione.<\/p>\n\n\n\n<p>3. Che nessuno dei contenuti relativi al sito web venga modificato in alcun modo.<\/p>\n\n\n\n<p>4. Che nessun grafico, icona o immagine disponibile sul sito web venga utilizzato, copiato o distribuito separatamente dal resto delle immagini che lo accompagnano.<\/p>\n\n\n\n<p>L&#8217;uso non autorizzato delle informazioni contenute nel sito web, la loro rivendita, cos\u00ec come qualsiasi violazione dei diritti di propriet\u00e0 intellettuale o industriale di Desarrollos T\u00e9cnicos Soluciones TIC, S.L. daranno luogo alle responsabilit\u00e0 stabilite dalla legge.<\/p>\n\n\n\n<p><p><b>RESPONSABILIT\u00c0 &gt; IN GENERALE<\/b><\/p><\/p>\n\n\n\n<p>L&#8217;accesso al sito web e l&#8217;eventuale uso non autorizzato delle informazioni in esso contenute sono di esclusiva responsabilit\u00e0 dell&#8217;utente.<\/p>\n\n\n\n<h4 class=\"wp-block-heading\"><p><b>Funzionamento e disponibilit\u00e0 del sito web<\/b><\/p><\/h4>\n\n\n\n<p>Desarrollos T\u00e9cnicos Soluciones TIC, S.L. si riserva il diritto di effettuare, in qualsiasi momento e senza preavviso, modifiche e aggiornamenti delle informazioni contenute nel sito web, della sua configurazione e presentazione e delle condizioni di accesso. Desarrollos T\u00e9cnicos Soluciones TIC, S.L. non \u00e8 responsabile degli errori di sicurezza che possono verificarsi o dei danni che possono essere causati al sistema informatico dell&#8217;utente (hardware e software), o ai file o ai documenti in esso memorizzati, come conseguenza di:<\/p>\n\n\n\n<p>1. La presenza di un virus nel computer dell&#8217;utente utilizzato per connettersi ai servizi e ai contenuti del sito web;<\/p>\n\n\n\n<p>2. Un malfunzionamento del browser;<\/p>\n\n\n\n<p>3. L&#8217;utilizzo di versioni non aggiornate dello stesso.<\/p>\n\n\n\n<p>Desarrollos T\u00e9cnicos Soluciones TIC, S.L. utilizza programmi di rilevamento di virus per controllare tutti i contenuti introdotti nel Sito Web. Tuttavia, Desarrollos T\u00e9cnicos Soluciones TIC, S.L. non garantisce l&#8217;assenza di virus o altri elementi nel Sito Web introdotti da terzi estranei a Desarrollos T\u00e9cnicos Soluciones TIC, S.L. che possano causare alterazioni nei sistemi fisici o logici degli Utenti o nei documenti e file elettronici archiviati nei loro sistemi. Di conseguenza, Desarrollos T\u00e9cnicos Soluciones TIC, S.L. non sar\u00e0 in nessun caso responsabile dei danni di qualsiasi tipo che potrebbero derivare dalla presenza di virus o altri elementi che potrebbero produrre alterazioni nei sistemi fisici o logici, nei documenti elettronici o nei file degli Utenti.<\/p>\n\n\n\n<p>Allo stesso modo, Desarrollos T\u00e9cnicos Soluciones TIC, S.L. utilizza diverse misure per proteggere il proprio sito web da attacchi informatici provenienti da terzi. Tuttavia, Desarrollos T\u00e9cnicos Soluciones TIC, S.L. non garantisce che terzi non autorizzati possano avere accesso al tipo di utilizzo del Sito Web che l&#8217;Utente fa o alle condizioni, caratteristiche e circostanze in cui tale utilizzo viene fatto. Di conseguenza, Desarrollos T\u00e9cnicos Soluciones TIC, S.L. non sar\u00e0 in alcun caso responsabile di eventuali danni che possano derivare da tale accesso non autorizzato.<\/p>\n\n\n\n<p>Desarrollos T\u00e9cnicos Soluciones TIC, S.L. non garantisce che non ci siano interruzioni o errori nell&#8217;accesso al sito web o al suo contenuto, n\u00e9 che sia aggiornato. Desarrollos T\u00e9cnicos Soluciones TIC, S.L. realizzer\u00e0, sempre che non vi siano cause che ne rendano impossibile o difficile l&#8217;esecuzione e non appena verr\u00e0 a conoscenza di errori, disconnessioni o mancato aggiornamento dei contenuti, tutti gli sforzi per correggere gli errori, ripristinare la comunicazione e aggiornare i contenuti.<\/p>\n\n\n\n<p>Desarrollos T\u00e9cnicos Soluciones TIC, S.L. si riserva il diritto di interrompere l&#8217;accesso al proprio sito web o a qualsiasi suo contenuto in qualsiasi momento e senza preavviso.<\/p>\n\n\n\n<p><p><b>Informazioni sui contenuti e sulla qualit\u00e0 del Servizio<\/b><\/p><\/p>\n\n\n\n<p>Desarrollos T\u00e9cnicos Soluciones TIC, S.L. non si assume alcuna responsabilit\u00e0 derivante dai contenuti collegati al sito web, purch\u00e9 non siano ad esso correlati, n\u00e9 garantisce l&#8217;assenza di virus o di altri elementi in essi presenti che possano causare alterazioni nel sistema informatico (hardware e software), nei documenti o nei file dell&#8217;utente, escludendo qualsiasi responsabilit\u00e0 per danni di qualsiasi tipo causati all&#8217;utente per questo motivo.<\/p>\n\n\n\n<p>Nel caso in cui un utente, un cliente o un terzo ritenga che i contenuti o i servizi forniti dalle pagine collegate siano illegali o ledano la propriet\u00e0 o i diritti dell&#8217;utente, di un cliente o di un terzo passibile di risarcimento, e in particolare consistano in: <\/p>\n\n\n\n<p>1. Attivit\u00e0 o contenuti che potrebbero essere considerati criminali secondo il diritto penale spagnolo.<\/p>\n\n\n\n<p>2. Attivit\u00e0 o contenuti che violano i diritti di propriet\u00e0 intellettuale o industriale.\r\n<\/p>\n\n\n\n<p>3. Attivit\u00e0 o contenuti che mettono in pericolo l&#8217;ordine pubblico, le indagini penali, la sicurezza pubblica e la difesa nazionale.\r\n<\/p>\n\n\n\n<p>4. Attivit\u00e0 o contenuti che mettono in pericolo la protezione della salute pubblica, il rispetto della dignit\u00e0 della persona e il principio di non discriminazione, la protezione della salute e dei bambini.<\/p>\n\n\n\n<p>\u00c8 possibile informare Desarrollos T\u00e9cnicos Soluciones TIC, S.L. Tuttavia, la ricezione di tale comunicazione non implicher\u00e0 la conoscenza ai fini della responsabilit\u00e0 ai sensi dell&#8217;articolo 17 della LSSICE.<\/p>\n\n\n\n<p>Desarrollos T\u00e9cnicos Soluciones TIC, S.L. non \u00e8 responsabile della mancanza di utilit\u00e0 o di adeguatezza a un uso specifico di questo sito web. N\u00e9 \u00e8 responsabile dei danni che l&#8217;utente pu\u00f2 subire a causa di errori o omissioni che possono essere presenti nei contenuti di questo sito web, sebbene si impegni a verificare e monitorare periodicamente i contenuti e le informazioni dello stesso.<\/p>\n\n\n\n<h4 class=\"wp-block-heading\"><p><b>Sull&#8217;uso del sito web.<\/b><\/p><\/h4>\n\n\n\n<p>Desarrollos T\u00e9cnicos Soluciones TIC, S.L. non sar\u00e0 responsabile in nessun caso dell&#8217;uso che gli Utenti potranno fare del Sito Web o dei Contenuti, n\u00e9 dei danni che ne potranno derivare.<\/p>\n\n\n\n<h4 class=\"wp-block-heading\"><p><b>Collegamenti ad altri siti web<\/b><\/p><\/h4>\n\n\n\n<p>Tutti i link di terzi al Sito web devono essere diretti alla sua home page; sono espressamente vietati i &#8220;deep link&#8221;, il &#8220;framing&#8221; e qualsiasi altro utilizzo dei contenuti del Sito web da parte di terzi non autorizzati.<\/p>\n\n\n\n<p>Attraverso il Sito, l&#8217;Utente pu\u00f2 accedere a siti web appartenenti e\/o gestiti da terzi.\r\n<\/p>\n\n\n\n<p>La presenza di tali link \u00e8 meramente informativa e non costituisce in alcun caso un invito a contrattare i prodotti o i servizi offerti sul sito web di destinazione. L&#8217;Utente acceder\u00e0 ai contenuti sotto la sua esclusiva responsabilit\u00e0 e alle condizioni di utilizzo che li regolano. L&#8217;Utente riconosce e accetta che Desarrollos T\u00e9cnicos Soluciones TIC, S.L. non \u00e8 responsabile, direttamente o indirettamente, di eventuali danni causati dall&#8217;accesso a tali link.<\/p>\n\n\n\n<p>Nel caso in cui Desarrollos T\u00e9cnicos Soluciones TIC, S.L. sia effettivamente a conoscenza del fatto che l&#8217;informazione o l&#8217;attivit\u00e0 a cui rimanda da questi link sia illegale, costituisca un reato o possa danneggiare la propriet\u00e0 o i diritti di terzi passibili di risarcimento, agir\u00e0 con la necessaria diligenza per rimuovere o disattivare il link corrispondente nel pi\u00f9 breve tempo possibile.<\/p>\n\n\n\n<p><p><b>&gt; PROPRIETA&#8217; INDUSTRIALE<\/b><span style=\"font-weight: 400;\"> L&#8217;uso del sito web non conferisce all&#8217;utente alcun diritto su marchi, nomi commerciali, segni distintivi o disegni di qualsiasi tipo che appaiono sul sito web Gli articoli, le notizie, la legislazione e altri contenuti pubblici i cui diritti di propriet\u00e0 intellettuale non appartengono a Desarrollos T\u00e9cnicos Soluciones TIC, S.L. sono pubblicati al solo scopo di informare gli utenti di questa pagina.<\/span><\/p><\/p>\n\n\n\n<p>Desarrollos T\u00e9cnicos Soluciones TIC, S.L. \u00e8 proprietaria del codice sorgente, del design, della struttura di navigazione, dei database e dei diversi elementi software del sito web, nonch\u00e9 dei diritti di propriet\u00e0 industriale e intellettuale relativi ai contenuti in esso inclusi.<\/p>\n","protected":false},"excerpt":{"rendered":"<p>&gt; CHI SIAMO Plan Eat \u00e8 un servizio offerto dalla societ\u00e0 spagnola Desarrollos T\u00e9cnicos Soluciones TIC, S.L. C\/ Cam\u00ed dels Talecons n\u00ba 24, 03804, Alcoy (Alicante). &#13; CIF: B54495700 e regolarmente iscritta nel Registro Mercantile di Alicante il 22 giugno 2005, nel Volume 2.946, Folio 219, Pagina A-93.062 e 1a Iscrizione. Il servizio di nutrizione [&hellip;]<\/p>\n","protected":false},"author":2,"featured_media":0,"parent":0,"menu_order":0,"comment_status":"closed","ping_status":"closed","template":"","meta":{"_et_pb_use_builder":"off","_et_pb_old_content":"","_et_gb_content_width":"","footnotes":""},"class_list":["post-2484","page","type-page","status-publish","hentry"],"_links":{"self":[{"href":"https:\/\/planeat.today\/it\/wp-json\/wp\/v2\/pages\/2484","targetHints":{"allow":["GET"]}}],"collection":[{"href":"https:\/\/planeat.today\/it\/wp-json\/wp\/v2\/pages"}],"about":[{"href":"https:\/\/planeat.today\/it\/wp-json\/wp\/v2\/types\/page"}],"author":[{"embeddable":true,"href":"https:\/\/planeat.today\/it\/wp-json\/wp\/v2\/users\/2"}],"replies":[{"embeddable":true,"href":"https:\/\/planeat.today\/it\/wp-json\/wp\/v2\/comments?post=2484"}],"version-history":[{"count":8,"href":"https:\/\/planeat.today\/it\/wp-json\/wp\/v2\/pages\/2484\/revisions"}],"predecessor-version":[{"id":2667,"href":"https:\/\/planeat.today\/it\/wp-json\/wp\/v2\/pages\/2484\/revisions\/2667"}],"wp:attachment":[{"href":"https:\/\/planeat.today\/it\/wp-json\/wp\/v2\/media?parent=2484"}],"curies":[{"name":"wp","href":"https:\/\/api.w.org\/{rel}","templated":true}]}}