{"id":2576,"date":"2023-06-08T09:43:21","date_gmt":"2023-06-08T07:43:21","guid":{"rendered":"https:\/\/planeat.today\/politique-de-confidentialite\/"},"modified":"2024-05-09T15:59:13","modified_gmt":"2024-05-09T13:59:13","slug":"politique-de-confidentialite","status":"publish","type":"page","link":"https:\/\/planeat.today\/fr\/avis-juridique\/politique-de-confidentialite\/","title":{"rendered":"Politique de confidentialit\u00e9"},"content":{"rendered":"\n<p>En tout \u00e9tat de cause, \u00e0 chaque endroit o\u00f9 nous allons demander vos donn\u00e9es, nous vous informerons en d\u00e9tail sur le responsable du traitement de vos donn\u00e9es, la finalit\u00e9 du traitement, la base juridique de l\u00e9gitimation, les personnes \u00e0 qui nous communiquerons vos donn\u00e9es, le cas \u00e9ch\u00e9ant, et la mani\u00e8re dont vous pouvez exercer vos droits.&#13;\n<\/p>\n\n<p><ol>&#13;\n<li><b> QUI EST RESPONSABLE DU TRAITEMENT DE VOS DONN\u00c9ES ?<\/b><\/li>&#13;\n<\/ol><\/p>\n\n<p><p><span style=\"font-weight: 400;\">Desarrollos T\u00e9cnicos Soluciones TIC, S.L.<br\/><\/span><span style=\"font-weight: 400;\">C\/ Cam\u00ed dels Talecons n\u00ba 24, 03804, Alcoy (Alicante)<br\/><\/span><span style=\"font-weight: 400;\">CIF : B54495700<\/span><\/p><\/p>\n\n<p><\/p>\n\n<p><ol start=\"2\">&#13;\n<li><b> QUELLE EST LA FINALIT\u00c9 DU TRAITEMENT DES DONN\u00c9ES ?<\/b><\/li>&#13;\n<\/ol><\/p>\n\n<p>Desarrollos T\u00e9cnicos Soluciones TIC, S.L. traitera vos donn\u00e9es aux fins suivantes :&#13;\n<\/p>\n\n<ul class=\"wp-block-list\">\n<li>Pour pouvoir \u00e9valuer votre \u00e9tat de sant\u00e9 et votre \u00e9tat nutritionnel, \u00e9tablir des plans d&rsquo;action pour am\u00e9liorer votre sant\u00e9 nutritionnelle et pouvoir suivre vos progr\u00e8s. \u00c0 cette fin, outre vos donn\u00e9es d&rsquo;identification (nom et pr\u00e9nom, t\u00e9l\u00e9phone, e-mail et image), vous devrez nous fournir des donn\u00e9es telles que vos loisirs et votre style de vie, vos donn\u00e9es familiales, votre date de naissance, votre \u00e2ge, votre sexe, votre profession ou votre emploi, ainsi que vos donn\u00e9es de sant\u00e9, y compris vos ant\u00e9c\u00e9dents pathologiques, les interventions chirurgicales, les traitements pharmacologiques que vous suivez et vos donn\u00e9es anthropom\u00e9triques relatives \u00e0 votre poids, votre taille et votre tour de taille et de hanches. Nous conserverons vos donn\u00e9es pendant 5 ans \u00e0 compter de votre derni\u00e8re visite.&#13;\n<\/li>\n\n\n\n<li>Afin de traiter votre commande, d&rsquo;effectuer la facturation de votre commande et de g\u00e9rer votre paiement. Pour ce faire, nous n&rsquo;avons besoin que de vos donn\u00e9es d&rsquo;identification telles que le nom, le pr\u00e9nom, le num\u00e9ro de t\u00e9l\u00e9phone et l&rsquo;adresse \u00e9lectronique. Nous conserverons vos donn\u00e9es pendant 5 ans.&#13;\n<\/li>\n\n\n\n<li>Pour publier les vid\u00e9os et photos que vous nous envoyez sur nos profils sociaux et notre site internet afin de partager vos r\u00e9alisations. Les donn\u00e9es que nous publierons seront votre nom, pr\u00e9nom, voix\/image et les donn\u00e9es anthropom\u00e9triques que vous nous fournirez. Nous conserverons vos donn\u00e9es tant que vous ne nous demanderez pas de les supprimer.&#13;\n<\/li>\n\n\n\n<li>Pour vous envoyer notre lettre d&rsquo;information si vous souhaitez la recevoir. Nous conserverons vos donn\u00e9es tant que vous ne nous demanderez pas de les supprimer.&#13;\n<\/li>\n<\/ul>\n\n<p><ol start=\"3\">&#13;\n<li><b> QUELLE EST LA BASE JURIDIQUE DU TRAITEMENT DE VOS DONN\u00c9ES ?<\/b><\/li>&#13;\n<\/ol><\/p>\n\n<p>La base juridique du consentement varie en fonction de la finalit\u00e9 :<\/p>\n\n<ul class=\"wp-block-list\">\n<li>Pour l&rsquo;\u00e9valuation de votre \u00e9tat de sant\u00e9 et de votre \u00e9tat nutritionnel, l&rsquo;\u00e9laboration de plans d&rsquo;action pour am\u00e9liorer votre sant\u00e9 nutritionnelle et le suivi de vos progr\u00e8s, nous devons n\u00e9cessairement disposer de votre consentement.&#13;\n<\/li>\n\n\n\n<li>Pour la gestion de votre commande, la facturation et la gestion des paiements, notre base l\u00e9gale de l\u00e9gitimit\u00e9 est l&rsquo;ex\u00e9cution d&rsquo;un contrat auquel l&rsquo;int\u00e9ress\u00e9 est partie.&#13;\n<\/li>\n\n\n\n<li>Afin de publier les vid\u00e9os et photos que vous nous envoyez sur nos profils sociaux et notre site web et de partager vos r\u00e9alisations, nous aurons besoin de votre consentement pour le faire.&#13;\n<\/li>\n\n\n\n<li>Afin de vous envoyer notre newsletter si vous souhaitez la recevoir, nous aurons \u00e9galement besoin de votre consentement.&#13;\n<\/li>\n<\/ul>\n\n<p><ol start=\"4\">&#13;\n<li><b> \u00c0 QUI VOS DONN\u00c9ES PERSONNELLES SERONT-ELLES COMMUNIQU\u00c9ES ?<\/b><\/li>&#13;\n<\/ol><\/p>\n\n<p>Aucune communication de vos donn\u00e9es personnelles \u00e0 des tiers n&rsquo;est pr\u00e9vue.<\/p>\n\n<p><ol start=\"5\">&#13;\n<li><b> QUELS SONT VOS DROITS LORSQUE VOUS NOUS FOURNISSEZ VOS DONN\u00c9ES \u00c0 CARACT\u00c8RE PERSONNEL ?<\/b><\/li>&#13;\n<\/ol><\/p>\n\n<p>Vous avez le droit de :<\/p>\n\n<ul class=\"wp-block-list\">\n<li>d&rsquo;acc\u00e9der \u00e0 vos donn\u00e9es \u00e0 caract\u00e8re personnel<\/li>\n\n\n\n<li>d&rsquo;en demander la rectification<\/li>\n\n\n\n<li>Demander leur suppression.<\/li>\n\n\n\n<li>Vous opposer \u00e0 leur traitement.<\/li>\n\n\n\n<li>Demander la limitation de leur traitement.<\/li>\n\n\n\n<li>La portabilit\u00e9 des donn\u00e9es personnelles.<\/li>\n<\/ul>\n\n<p>Vous pouvez exercer vos droits en \u00e9crivant \u00e0 l&rsquo;adresse suivante : Desarrollos T\u00e9cnicos Soluciones TIC, S.L. C\/ Cam\u00ed dels Talecons n\u00ba 24, 03804, Alcoy (Alicante) CIF : B54495700.&#13;\n<\/p>\n\n<p>Votre demande doit comporter la date, le nom et le pr\u00e9nom, la demande dans laquelle la demande est sp\u00e9cifi\u00e9e, l&rsquo;adresse aux fins de notifications. Afin de dissiper tout doute raisonnable quant \u00e0 l&rsquo;identit\u00e9 de la personne physique qui pr\u00e9sente la demande, nous vous demandons de fournir votre carte d&rsquo;identit\u00e9 ou un document similaire pour confirmer votre identit\u00e9.&#13;\n<\/p>\n\n<p>Si vous consid\u00e9rez que Desarrollos T\u00e9cnicos Soluciones TIC, S.L. n&rsquo;a pas r\u00e9solu correctement votre demande, vous pouvez vous adresser \u00e0 l&rsquo;Agence espagnole de protection des donn\u00e9es, dont les coordonn\u00e9es peuvent \u00eatre consult\u00e9es \u00e0 l&rsquo;adresse www.agpd.es.&#13;\n<\/p>\n","protected":false},"excerpt":{"rendered":"<p>En tout \u00e9tat de cause, \u00e0 chaque endroit o\u00f9 nous allons demander vos donn\u00e9es, nous vous informerons en d\u00e9tail sur le responsable du traitement de vos donn\u00e9es, la finalit\u00e9 du traitement, la base juridique de l\u00e9gitimation, les personnes \u00e0 qui nous communiquerons vos donn\u00e9es, le cas \u00e9ch\u00e9ant, et la mani\u00e8re dont vous pouvez exercer vos [&hellip;]<\/p>\n","protected":false},"author":2,"featured_media":0,"parent":2561,"menu_order":0,"comment_status":"closed","ping_status":"closed","template":"","meta":{"_et_pb_use_builder":"off","_et_pb_old_content":"","_et_gb_content_width":"","footnotes":""},"class_list":["post-2576","page","type-page","status-publish","hentry"],"_links":{"self":[{"href":"https:\/\/planeat.today\/fr\/wp-json\/wp\/v2\/pages\/2576","targetHints":{"allow":["GET"]}}],"collection":[{"href":"https:\/\/planeat.today\/fr\/wp-json\/wp\/v2\/pages"}],"about":[{"href":"https:\/\/planeat.today\/fr\/wp-json\/wp\/v2\/types\/page"}],"author":[{"embeddable":true,"href":"https:\/\/planeat.today\/fr\/wp-json\/wp\/v2\/users\/2"}],"replies":[{"embeddable":true,"href":"https:\/\/planeat.today\/fr\/wp-json\/wp\/v2\/comments?post=2576"}],"version-history":[{"count":3,"href":"https:\/\/planeat.today\/fr\/wp-json\/wp\/v2\/pages\/2576\/revisions"}],"predecessor-version":[{"id":2579,"href":"https:\/\/planeat.today\/fr\/wp-json\/wp\/v2\/pages\/2576\/revisions\/2579"}],"up":[{"embeddable":true,"href":"https:\/\/planeat.today\/fr\/wp-json\/wp\/v2\/pages\/2561"}],"wp:attachment":[{"href":"https:\/\/planeat.today\/fr\/wp-json\/wp\/v2\/media?parent=2576"}],"curies":[{"name":"wp","href":"https:\/\/api.w.org\/{rel}","templated":true}]}}