{"id":2572,"date":"2023-06-08T09:45:54","date_gmt":"2023-06-08T07:45:54","guid":{"rendered":"https:\/\/planeat.today\/politique-en-matiere-de-cookies\/"},"modified":"2024-05-20T13:48:41","modified_gmt":"2024-05-20T11:48:41","slug":"politique-en-matiere-de-cookies","status":"publish","type":"page","link":"https:\/\/planeat.today\/fr\/politique-en-matiere-de-cookies\/","title":{"rendered":"Politique en mati\u00e8re de cookies"},"content":{"rendered":"\n<h2 class=\"wp-block-heading\">Politique en mati\u00e8re de cookies<\/h2>\n\n\n\n<p>Nous utilisons des cookies Les cookies sont de petits fichiers, archives ou dispositifs qui sont t\u00e9l\u00e9charg\u00e9s sur votre \u00e9quipement terminal lorsque vous acc\u00e9dez au site web afin de stocker des donn\u00e9es sur vos habitudes de navigation que nous pouvons mettre \u00e0 jour et r\u00e9cup\u00e9rer. Nous utilisons nos propres cookies et ceux de tiers \u00e0 diverses fins, telles que l&rsquo;enregistrement de votre activit\u00e9 sur le site web, la gestion technique de votre acc\u00e8s et de votre utilisation du site web, l&rsquo;optimisation et l&rsquo;am\u00e9lioration de nos services par l&rsquo;analyse de vos habitudes de navigation.\r\n<\/p>\n\n\n\n<h2 class=\"wp-block-heading\">D\u00e9finition et fonctions des cookies<\/h2>\n\n\n\n<p>Les cookies sont de petits fichiers, archives ou dispositifs qui sont t\u00e9l\u00e9charg\u00e9s sur votre \u00e9quipement terminal lorsque vous acc\u00e9dez au site web afin de stocker des donn\u00e9es sur vos habitudes de navigation que nous pouvons mettre \u00e0 jour et r\u00e9cup\u00e9rer \u00e0 diverses fins, telles que l&rsquo;am\u00e9lioration de nos services ou la connaissance de vos pr\u00e9f\u00e9rences afin de vous montrer de la publicit\u00e9.\r\n<\/p>\n\n\n\n<h2 class=\"wp-block-heading\">Pourquoi utilisons-nous des cookies ?<\/h2>\n\n\n\n<p>Nous utilisons nos propres cookies et ceux de tiers \u00e0 diverses fins, notamment pour<\/p>\n\n\n\n<ul class=\"wp-block-list\">\n<li>enregistrer votre activit\u00e9 sur le site web,<\/li>\n\n\n\n<li>g\u00e9rer techniquement votre acc\u00e8s et votre utilisation du site web,<\/li>\n\n\n\n<li>optimiser et am\u00e9liorer nos services,<\/li>\n\n\n\n<li>vous pr\u00e9senter des publicit\u00e9s en rapport avec vos pr\u00e9f\u00e9rences en analysant vos habitudes de navigation.\r\n<\/li>\n<\/ul>\n\n\n\n<h2 class=\"wp-block-heading\">Comment d\u00e9sactiver ou supprimer les cookies<\/h2>\n\n\n\n<p>Vous pouvez \u00e0 tout moment autoriser, bloquer ou supprimer les cookies install\u00e9s sur votre ordinateur en configurant les options du navigateur install\u00e9 sur votre ordinateur.\r\n<\/p>\n\n\n\n<ul class=\"wp-block-list\">\n<li><span style=\"font-weight: 400;\">Chrome : <a href=\"https:\/\/support.google.com\/chrome\/answer\/95647?hl=es\" target=\"_blank\" rel=\"noopener\">Comment g\u00e9rer les cookies et les donn\u00e9es du site<\/a><\/span><br><\/li>\n\n\n\n<li><span style=\"font-weight: 400;\">Firefox : <a href=\"https:\/\/support.mozilla.org\/es\/kb\/habilitar-y-deshabilitar-cookies-sitios-web-rastrear-preferencias?redirectslug=habilitar-y-deshabilitar-cookies-que-los-sitios-we&amp;redirectlocale=es\" target=\"_blank\" rel=\"noopener\">Activer et d\u00e9sactiver les cookies<\/a> que les sites web utilisent pour suivre vos pr\u00e9f\u00e9rences.<\/span><br><\/li>\n\n\n\n<li><span style=\"font-weight: 400;\">Internet Explorer : <a href=\"https:\/\/support.microsoft.com\/es-es\/windows\/eliminar-y-administrar-cookies-168dab11-0753-043d-7c16-ede5947fc64d\" target=\"_blank\" rel=\"noopener\">Bloquer ou autoriser les cookies<\/a><\/span><br><\/li>\n\n\n\n<li><span style=\"font-weight: 400;\">Safari : <a href=\"https:\/\/support.apple.com\/es-es\/guide\/safari\/sfri11471\/mac\" target=\"_blank\" rel=\"noopener\">G\u00e9rer les cookies<\/a><\/span><br><\/li>\n<\/ul>\n\n\n\n<h2 class=\"wp-block-heading\">Informations sur qui utilise les cookies<\/h2>\n\n\n\n<p>Les informations obtenues par les cookies seront trait\u00e9es par :<\/p>\n\n\n\n<figure class=\"wp-block-table\"><table><tbody><tr><th>Cookies<\/th><th>Nom de l&rsquo;entreprise <\/th><th>Objectif<\/th><th>Plus d&rsquo;informations<\/th><\/tr><tr><td rowspan=\"6\">GoogleAnalytics<\/td><td>_utma<\/td><td> Il est utilis\u00e9 pour distinguer les utilisateurs et les sessions. Le cookie est cr\u00e9\u00e9 lorsque la biblioth\u00e8que javascript s&rsquo;ex\u00e9cute et que les cookies _utma n&rsquo;existent pas. Le cookie est mis \u00e0 jour \u00e0 chaque fois que des donn\u00e9es sont envoy\u00e9es \u00e0 Google Analytics. \r\n<\/td><td rowspan=\"6\"><p><span style=\"font-weight: 400;\">Centre de confidentialit\u00e9 de <a href=\"https:\/\/marketingplatform.google.com\/about\/\" target=\"_blank\" rel=\"noopener\">Google<\/a> &#8211; Module compl\u00e9mentaire de d\u00e9sactivation de <a href=\"https:\/\/tools.google.com\/dlpage\/gaoptout?hl=es\" target=\"_blank\" rel=\"noopener\">Google Analytics<\/a>.<\/span><\/p><\/td><\/tr><tr><td>_ga<\/td><td>Recueille des informations anonymes sur la navigation des utilisateurs sur le site web afin de conna\u00eetre l&rsquo;origine des visites et d&rsquo;autres donn\u00e9es statistiques similaires.\r\n<\/td><\/tr><tr><td>_utmb<\/td><td>Il est utilis\u00e9 pour distinguer les utilisateurs et les sessions. Le cookie est cr\u00e9\u00e9 lorsque la biblioth\u00e8que javascript s&rsquo;ex\u00e9cute et que les cookies _utma n&rsquo;existent pas. Le cookie est mis \u00e0 jour \u00e0 chaque fois que des donn\u00e9es sont envoy\u00e9es \u00e0 Google Analytics. \r\n<\/td><\/tr><tr><td>_utmc<\/td><td>Non utilis\u00e9 dans ga.js. Cr\u00e9\u00e9 pour l&rsquo;interop\u00e9rabilit\u00e9 avec urchin.js. Historiquement, ce cookie fonctionne en conjonction avec le cookie _utmb pour d\u00e9terminer si l&rsquo;utilisateur est dans une nouvelle session\/visite. \r\n<\/td><\/tr><tr><td>_utmz<\/td><td>Stocke la source de trafic ou une campagne qui explique comment l&rsquo;utilisateur est arriv\u00e9 sur le site. Le cookie est cr\u00e9\u00e9 lors de l&rsquo;ex\u00e9cution de la biblioth\u00e8que javascript et est mis \u00e0 jour \u00e0 chaque fois que des donn\u00e9es sont envoy\u00e9es \u00e0 Google Analytics. \r\n<\/td><\/tr><tr><td>_utmv<\/td><td>Utilis\u00e9 pour stocker des donn\u00e9es variables personnalis\u00e9es. Ce cookie est cr\u00e9\u00e9 lorsqu&rsquo;un d\u00e9veloppeur utilise la m\u00e9thode _setCustomVar avec une variable personnalis\u00e9e. Ce cookie \u00e9tait \u00e9galement utilis\u00e9 pour la m\u00e9thode _setVar, qui \u00e9tait obsol\u00e8te. Le cookie est mis \u00e0 jour \u00e0 chaque fois que des donn\u00e9es sont envoy\u00e9es \u00e0 Google Analytics. \r\n<\/td><\/tr><\/tbody><\/table><\/figure>\n","protected":false},"excerpt":{"rendered":"<p>Politique en mati\u00e8re de cookies Nous utilisons des cookies Les cookies sont de petits fichiers, archives ou dispositifs qui sont t\u00e9l\u00e9charg\u00e9s sur votre \u00e9quipement terminal lorsque vous acc\u00e9dez au site web afin de stocker des donn\u00e9es sur vos habitudes de navigation que nous pouvons mettre \u00e0 jour et r\u00e9cup\u00e9rer. Nous utilisons nos propres cookies et [&hellip;]<\/p>\n","protected":false},"author":2,"featured_media":0,"parent":0,"menu_order":0,"comment_status":"closed","ping_status":"closed","template":"","meta":{"_et_pb_use_builder":"off","_et_pb_old_content":"","_et_gb_content_width":"","footnotes":""},"class_list":["post-2572","page","type-page","status-publish","hentry"],"_links":{"self":[{"href":"https:\/\/planeat.today\/fr\/wp-json\/wp\/v2\/pages\/2572","targetHints":{"allow":["GET"]}}],"collection":[{"href":"https:\/\/planeat.today\/fr\/wp-json\/wp\/v2\/pages"}],"about":[{"href":"https:\/\/planeat.today\/fr\/wp-json\/wp\/v2\/types\/page"}],"author":[{"embeddable":true,"href":"https:\/\/planeat.today\/fr\/wp-json\/wp\/v2\/users\/2"}],"replies":[{"embeddable":true,"href":"https:\/\/planeat.today\/fr\/wp-json\/wp\/v2\/comments?post=2572"}],"version-history":[{"count":4,"href":"https:\/\/planeat.today\/fr\/wp-json\/wp\/v2\/pages\/2572\/revisions"}],"predecessor-version":[{"id":2672,"href":"https:\/\/planeat.today\/fr\/wp-json\/wp\/v2\/pages\/2572\/revisions\/2672"}],"wp:attachment":[{"href":"https:\/\/planeat.today\/fr\/wp-json\/wp\/v2\/media?parent=2572"}],"curies":[{"name":"wp","href":"https:\/\/api.w.org\/{rel}","templated":true}]}}