{"id":2561,"date":"2023-06-08T09:44:59","date_gmt":"2023-06-08T07:44:59","guid":{"rendered":"https:\/\/planeat.today\/avis-juridique\/"},"modified":"2024-05-20T13:48:26","modified_gmt":"2024-05-20T11:48:26","slug":"avis-juridique","status":"publish","type":"page","link":"https:\/\/planeat.today\/fr\/avis-juridique\/","title":{"rendered":"Avis juridique"},"content":{"rendered":"\n<h4 class=\"wp-block-heading\"><p><b>&gt; QUI SOMMES-NOUS ?<\/b><\/p><\/h4>\n\n\n\n<p><p><span style=\"font-weight: 400;\">Plan Eat est un service offert par l&rsquo;entreprise espagnole Desarrollos T\u00e9cnicos Soluciones TIC, S.L. C\/ Cam\u00ed dels Talecons n\u00ba 24, 03804, Alcoy (Alicante).<\/span><\/p>&#13;\n<p><span style=\"font-weight: 400;\">CIF : B54495700 et qui est d\u00fbment inscrite au registre du commerce d&rsquo;Alicante le 22 juin 2005, au volume 2.946, folio 219, page A-93.062 et 1\u00e8re inscription.<\/span><\/p><\/p>\n\n\n\n<p><p><span style=\"font-weight: 400;\">Le service de nutrition et de di\u00e9t\u00e9tique est assur\u00e9 par Mme Neus Palacios, membre de l&rsquo;Ordre officiel des di\u00e9t\u00e9ticiens et nutritionnistes de la Comunitat Valenciana, Mme Amparo Pastor, membre de l&rsquo;Ordre officiel des di\u00e9t\u00e9ticiens et nutritionnistes de la Comunitat Valenciana<\/span><\/p><\/p>\n\n\n\n<p><p><span style=\"font-weight: 400;\">Vous pouvez nous contacter par courrier \u00e0 l&rsquo;adresse indiqu\u00e9e ci-dessus, par t\u00e9l\u00e9phone au <em>\u00a0<strong><a href=\"tel:902611348\">902 611 348<\/a><\/strong>,\u00a0<strong><a href=\"tel:965051063\">965 051 063<\/a><\/strong><\/em> ou par courrier \u00e9lectronique \u00e0 l&rsquo;adresse <em><strong><a href=\"mailto:info@corporissanum.com\">info@planeat.me<\/a><\/strong><\/em><\/span><\/p><\/p>\n\n\n\n<h4 class=\"wp-block-heading\"><p><b>&gt; CONDITIONS G\u00c9N\u00c9RALES D&rsquo;UTILISATION DU PORTAIL WEB<\/b><\/p><\/h4>\n\n\n\n<p>Les conditions g\u00e9n\u00e9rales contenues dans le pr\u00e9sent avis l\u00e9gal r\u00e9gissent l&rsquo;acc\u00e8s et l&rsquo;utilisation du site web que Desarrollos T\u00e9cnicos Soluciones TIC, S.L. met en principe gratuitement \u00e0 la disposition des utilisateurs d&rsquo;Internet, sans pr\u00e9judice du fait que cette situation puisse changer \u00e0 l&rsquo;avenir.<\/p>\n\n\n\n<p>L&rsquo;acc\u00e8s \u00e0 ce site implique l&rsquo;acceptation sans r\u00e9serve de ces conditions. L&rsquo;utilisation de certains services offerts sur ce site sera \u00e9galement r\u00e9gie par les conditions sp\u00e9cifiques \u00e9tablies dans chaque cas, qui seront consid\u00e9r\u00e9es comme accept\u00e9es par la simple utilisation de ces services.\r\n<\/p>\n\n\n\n<h4 class=\"wp-block-heading\"><p><b>&gt; AUTORISATION<\/b><\/p><\/h4>\n\n\n\n<p>La visualisation, l&rsquo;impression et le t\u00e9l\u00e9chargement partiel du contenu du site sont autoris\u00e9s uniquement et exclusivement si les conditions suivantes sont remplies :\r\n<\/p>\n\n\n\n<p>1. ils sont compatibles avec les objectifs du site web<\/p>\n\n\n\n<p>2. L&rsquo;utilisation est faite dans le seul but d&rsquo;obtenir les informations qu&rsquo;il contient pour un usage personnel et priv\u00e9. L&rsquo;utilisation \u00e0 des fins commerciales, de distribution, de communication publique, de transformation ou de d\u00e9compilation est express\u00e9ment interdite.\r\n<\/p>\n\n\n\n<p>3. Qu&rsquo;aucun des contenus li\u00e9s au site Web n&rsquo;est modifi\u00e9 de quelque mani\u00e8re que ce soit.\r\n<\/p>\n\n\n\n<p>4. Qu&rsquo;aucun graphique, ic\u00f4ne ou image disponible sur le site ne soit utilis\u00e9, copi\u00e9 ou distribu\u00e9 s\u00e9par\u00e9ment du reste des images qui l&rsquo;accompagnent.<\/p>\n\n\n\n<p>L&rsquo;utilisation non autoris\u00e9e de l&rsquo;information contenue sur le site web, sa revente, ainsi que toute violation des droits de propri\u00e9t\u00e9 intellectuelle ou industrielle de Desarrollos T\u00e9cnicos Soluciones TIC, S.L. donneront lieu aux responsabilit\u00e9s l\u00e9galement \u00e9tablies.\r\n<\/p>\n\n\n\n<p><p><b>RESPONSABILIT\u00c9S &gt; EN G\u00c9N\u00c9RAL<\/b><\/p><\/p>\n\n\n\n<p>L&rsquo;acc\u00e8s au site web et l&rsquo;utilisation non autoris\u00e9e des informations qu&rsquo;il contient rel\u00e8vent de la seule responsabilit\u00e9 de l&rsquo;utilisateur.<\/p>\n\n\n\n<h4 class=\"wp-block-heading\"><p><b>Fonctionnement et disponibilit\u00e9 du site web<\/b><\/p><\/h4>\n\n\n\n<p>Desarrollos T\u00e9cnicos Soluciones TIC, S.L. se r\u00e9serve le droit d&rsquo;effectuer, \u00e0 tout moment et sans pr\u00e9avis, des modifications et des mises \u00e0 jour de l&rsquo;information contenue dans le site web, de sa configuration et de sa pr\u00e9sentation, ainsi que des conditions d&rsquo;acc\u00e8s. Desarrollos T\u00e9cnicos Soluciones TIC, S.L. n?est pas responsable des erreurs de s\u00e9curit\u00e9 qui peuvent se produire ou des dommages qui peuvent \u00eatre caus\u00e9s au syst\u00e8me informatique de l?utilisateur (mat\u00e9riel et logiciel), ou aux fichiers ou documents qui y sont stock\u00e9s, en raison de :\r\n<\/p>\n\n\n\n<p>1. La pr\u00e9sence d&rsquo;un virus dans l&rsquo;ordinateur de l&rsquo;utilisateur utilis\u00e9 pour se connecter aux services et aux contenus du site web ;\r\n<\/p>\n\n\n\n<p>2. D&rsquo;un dysfonctionnement du navigateur ;<\/p>\n\n\n\n<p>3. L&rsquo;utilisation de versions non actualis\u00e9es de celui-ci.<\/p>\n\n\n\n<p>Desarrollos T\u00e9cnicos Soluciones TIC, S.L. utilise des programmes de d\u00e9tection de virus pour contr\u00f4ler tous les contenus introduits sur le site Web. Cependant, Desarrollos T\u00e9cnicos Soluciones TIC, S.L. ne garantit pas l&rsquo;absence de virus ou d&rsquo;autres \u00e9l\u00e9ments sur le site Web introduits par des tiers ext\u00e9rieurs \u00e0 Desarrollos T\u00e9cnicos Soluciones TIC, S.L. et qui peuvent provoquer des alt\u00e9rations dans les syst\u00e8mes physiques ou logiques des utilisateurs ou dans les documents \u00e9lectroniques et les fichiers stock\u00e9s dans leurs syst\u00e8mes. Par cons\u00e9quent, Desarrollos T\u00e9cnicos Soluciones TIC, S.L. ne sera en aucun cas responsable des dommages de toute nature pouvant d\u00e9couler de la pr\u00e9sence de virus ou d&rsquo;autres \u00e9l\u00e9ments susceptibles de produire des alt\u00e9rations dans les syst\u00e8mes physiques ou logiques, les documents \u00e9lectroniques ou les fichiers des utilisateurs.\r\n<\/p>\n\n\n\n<p>De m\u00eame, Desarrollos T\u00e9cnicos Soluciones TIC, S.L. utilise diverses mesures pour prot\u00e9ger son site web contre les attaques informatiques de tiers. Cependant, Desarrollos T\u00e9cnicos Soluciones TIC, S.L. ne garantit pas que des tiers non autoris\u00e9s puissent avoir acc\u00e8s au type d&rsquo;utilisation du site Web que fait l&rsquo;Utilisateur ou aux conditions, caract\u00e9ristiques et circonstances dans lesquelles cette utilisation est faite. Par cons\u00e9quent, Desarrollos T\u00e9cnicos Soluciones TIC, S.L. ne sera en aucun cas responsable des dommages qui pourraient d\u00e9couler d&rsquo;un tel acc\u00e8s non autoris\u00e9.\r\n<\/p>\n\n\n\n<p>Desarrollos T\u00e9cnicos Soluciones TIC, S.L. ne garantit pas l&rsquo;absence d&rsquo;interruptions ou d&rsquo;erreurs dans l&rsquo;acc\u00e8s au site web ou \u00e0 ses contenus, ni leur mise \u00e0 jour. Desarrollos T\u00e9cnicos Soluciones TIC, S.L. mettra en oeuvre, \u00e0 condition qu?il n?y ait pas de causes qui rendent impossible ou difficile l?ex\u00e9cution et d\u00e8s qu?elle aura connaissance des erreurs, des d\u00e9connexions ou du manque de mise \u00e0 jour des contenus, tous les efforts n\u00e9cessaires pour corriger les erreurs, r\u00e9tablir la communication et mettre \u00e0 jour les contenus.\r\n<\/p>\n\n\n\n<p>Desarrollos T\u00e9cnicos Soluciones TIC, S.L. se r\u00e9serve le droit d&rsquo;interrompre l&rsquo;acc\u00e8s \u00e0 son site web ou \u00e0 l&rsquo;un de ses contenus \u00e0 tout moment et sans pr\u00e9avis.\r\n<\/p>\n\n\n\n<p><p><b>Contenu et qualit\u00e9 du service<\/b><\/p><\/p>\n\n\n\n<p>Desarrollos T\u00e9cnicos Soluciones TIC, S.L. n&rsquo;assume aucune responsabilit\u00e9 d\u00e9riv\u00e9e des contenus li\u00e9s au site web, tant qu&rsquo;ils ne sont pas en relation avec celui-ci, et ne garantit pas l&rsquo;absence de virus ou d&rsquo;autres \u00e9l\u00e9ments dans ces derniers qui pourraient causer des alt\u00e9rations dans le syst\u00e8me informatique (mat\u00e9riel et logiciel), dans les documents ou les fichiers de l&rsquo;utilisateur, excluant toute responsabilit\u00e9 pour les dommages de toute nature caus\u00e9s \u00e0 l&rsquo;utilisateur pour cette raison.\r\n<\/p>\n\n\n\n<p>Dans le cas o\u00f9 un utilisateur, un client ou un tiers consid\u00e8re que le contenu ou les services fournis par les pages li\u00e9es sont ill\u00e9gaux ou portent atteinte \u00e0 la propri\u00e9t\u00e9 ou aux droits de l&rsquo;utilisateur, d&rsquo;un client ou d&rsquo;un tiers susceptible d&rsquo;\u00eatre indemnis\u00e9, et en particulier, consistent en : <\/p>\n\n\n\n<p>1. des activit\u00e9s ou des contenus qui pourraient \u00eatre consid\u00e9r\u00e9s comme criminels en vertu de la loi p\u00e9nale espagnole.<\/p>\n\n\n\n<p>2. Activit\u00e9s ou contenus qui violent les droits de propri\u00e9t\u00e9 intellectuelle ou industrielle.\r\n<\/p>\n\n\n\n<p>3. Activit\u00e9s ou contenus qui mettent en danger l&rsquo;ordre public, les enqu\u00eates criminelles, la s\u00e9curit\u00e9 publique et la d\u00e9fense nationale.\r\n<\/p>\n\n\n\n<p>4. Activit\u00e9s ou contenus qui mettent en danger la protection de la sant\u00e9 publique, le respect de la dignit\u00e9 de la personne et le principe de non-discrimination, ainsi que la protection de la sant\u00e9 et de l&rsquo;enfance.\r\n<\/p>\n\n\n\n<p>Vous pouvez informer Desarrollos T\u00e9cnicos Soluciones TIC, S.L. Cependant, la r\u00e9ception de cette communication n&rsquo;impliquera pas la connaissance aux fins de la responsabilit\u00e9 vis\u00e9e \u00e0 l&rsquo;article 17 de la LSSICE.\r\n<\/p>\n\n\n\n<p>Desarrollos T\u00e9cnicos Soluciones TIC, S.L. n&rsquo;est pas responsable du manque d&rsquo;utilit\u00e9 ou d&rsquo;ad\u00e9quation \u00e0 un usage sp\u00e9cifique de ce site web. Elle n&rsquo;est pas non plus responsable des dommages que l&rsquo;utilisateur pourrait subir en raison d&rsquo;erreurs ou d&rsquo;omissions dans les contenus de ce site web, bien qu&rsquo;elle s&rsquo;engage \u00e0 v\u00e9rifier et \u00e0 contr\u00f4ler p\u00e9riodiquement les contenus et l&rsquo;information de ce dernier.\r\n<\/p>\n\n\n\n<h4 class=\"wp-block-heading\"><p><span style=\"font-weight: 400;\">Desarrollos T\u00e9cnicos Soluciones TIC, S.L. n&rsquo;est pas responsable du manque d&rsquo;utilit\u00e9 ou d&rsquo;ad\u00e9quation \u00e0 un usage sp\u00e9cifique de ce site web. Elle n&rsquo;est pas non plus responsable des dommages que l&rsquo;utilisateur pourrait subir en raison d&rsquo;erreurs ou d&rsquo;omissions dans les contenus de ce site web, bien qu&rsquo;elle s&rsquo;engage \u00e0 v\u00e9rifier et \u00e0 contr\u00f4ler p\u00e9riodiquement les contenus et l&rsquo;information de ce dernier.<\/span><\/p><\/h4>\n\n\n\n<p>Desarrollos T\u00e9cnicos Soluciones TIC, S.L. ne sera en aucun cas responsable de l&rsquo;utilisation que les utilisateurs pourraient faire du site web ou de ses contenus, ni des dommages et int\u00e9r\u00eats qui pourraient en d\u00e9couler.\r\n<\/p>\n\n\n\n<h4 class=\"wp-block-heading\"><p><b>Liens avec d&rsquo;autres sites web<\/b><\/p><\/h4>\n\n\n\n<p>Tous les liens de tiers vers le site Web doivent renvoyer \u00e0 la page d&rsquo;accueil de celui-ci. Il est express\u00e9ment interdit d&rsquo;\u00e9tablir des \u00ab\u00a0liens profonds\u00a0\u00bb, de proc\u00e9der \u00e0 des \u00ab\u00a0encadrements\u00a0\u00bb et d&rsquo;utiliser de quelque mani\u00e8re que ce soit les contenus du site Web par des tiers non autoris\u00e9s.\r\n<\/p>\n\n\n\n<p>Par le biais de ce site web, l&rsquo;utilisateur peut acc\u00e9der \u00e0 des sites web appartenant \u00e0 des tiers et\/ou g\u00e9r\u00e9s par des tiers.\r\n<\/p>\n\n\n\n<p>La pr\u00e9sence de ces liens est purement informative et ne constitue en aucun cas une invitation \u00e0 contracter des produits ou des services offerts sur le site Web de destination. L&rsquo;Utilisateur acc\u00e8de aux contenus sous sa responsabilit\u00e9 exclusive et selon les conditions d&rsquo;utilisation qui les r\u00e9gissent. L?utilisateur reconna\u00eet et accepte que Desarrollos T\u00e9cnicos Soluciones TIC, S.L. ne soit pas responsable, directement ou indirectement, des dommages caus\u00e9s par l?acc\u00e8s \u00e0 ces liens.\r\n<\/p>\n\n\n\n<p>Dans le cas o\u00f9 Desarrollos T\u00e9cnicos Soluciones TIC, S.L. aurait effectivement connaissance que l&rsquo;information ou l&rsquo;activit\u00e9 \u00e0 laquelle elle renvoie \u00e0 partir de ces liens est ill\u00e9gale, constitue un d\u00e9lit ou peut porter atteinte \u00e0 la propri\u00e9t\u00e9 ou aux droits d&rsquo;un tiers susceptible d&rsquo;\u00eatre indemnis\u00e9, elle agira avec la diligence n\u00e9cessaire pour supprimer ou d\u00e9sactiver le lien correspondant dans les plus brefs d\u00e9lais.\r\n<\/p>\n\n\n\n<p><p><b>&gt; PROPRI\u00c9T\u00c9 INDUSTRIELLE<\/b><span style=\"font-weight: 400;\"> L&rsquo;utilisation du site Web ne conf\u00e8re \u00e0 l&rsquo;utilisateur aucun droit sur les marques, les noms commerciaux, les signes distinctifs ou les dessins de toute nature qui apparaissent sur le site Web. Les articles, les nouvelles, la l\u00e9gislation et les autres contenus publics dont les droits de propri\u00e9t\u00e9 intellectuelle n&rsquo;appartiennent pas \u00e0 Desarrollos T\u00e9cnicos Soluciones TIC, S.L. sont publi\u00e9s dans le seul but d&rsquo;informer les utilisateurs de cette page.<\/span><\/p><\/p>\n\n\n\n<p>Desarrollos T\u00e9cnicos Soluciones TIC, S.L. est propri\u00e9taire du code source, de la conception, de la structure de navigation, des bases de donn\u00e9es et des diff\u00e9rents \u00e9l\u00e9ments logiciels du site Web, ainsi que des droits de propri\u00e9t\u00e9 industrielle et intellectuelle relatifs aux contenus qui y sont inclus.\r\n<\/p>\n","protected":false},"excerpt":{"rendered":"<p>&gt; QUI SOMMES-NOUS ? Plan Eat est un service offert par l&rsquo;entreprise espagnole Desarrollos T\u00e9cnicos Soluciones TIC, S.L. C\/ Cam\u00ed dels Talecons n\u00ba 24, 03804, Alcoy (Alicante). &#13; CIF : B54495700 et qui est d\u00fbment inscrite au registre du commerce d&rsquo;Alicante le 22 juin 2005, au volume 2.946, folio 219, page A-93.062 et 1\u00e8re inscription. [&hellip;]<\/p>\n","protected":false},"author":2,"featured_media":0,"parent":0,"menu_order":0,"comment_status":"closed","ping_status":"closed","template":"","meta":{"_et_pb_use_builder":"off","_et_pb_old_content":"","_et_gb_content_width":"","footnotes":""},"class_list":["post-2561","page","type-page","status-publish","hentry"],"_links":{"self":[{"href":"https:\/\/planeat.today\/fr\/wp-json\/wp\/v2\/pages\/2561","targetHints":{"allow":["GET"]}}],"collection":[{"href":"https:\/\/planeat.today\/fr\/wp-json\/wp\/v2\/pages"}],"about":[{"href":"https:\/\/planeat.today\/fr\/wp-json\/wp\/v2\/types\/page"}],"author":[{"embeddable":true,"href":"https:\/\/planeat.today\/fr\/wp-json\/wp\/v2\/users\/2"}],"replies":[{"embeddable":true,"href":"https:\/\/planeat.today\/fr\/wp-json\/wp\/v2\/comments?post=2561"}],"version-history":[{"count":4,"href":"https:\/\/planeat.today\/fr\/wp-json\/wp\/v2\/pages\/2561\/revisions"}],"predecessor-version":[{"id":2671,"href":"https:\/\/planeat.today\/fr\/wp-json\/wp\/v2\/pages\/2561\/revisions\/2671"}],"wp:attachment":[{"href":"https:\/\/planeat.today\/fr\/wp-json\/wp\/v2\/media?parent=2561"}],"curies":[{"name":"wp","href":"https:\/\/api.w.org\/{rel}","templated":true}]}}