{"id":2703,"date":"2023-06-08T10:46:16","date_gmt":"2023-06-08T08:46:16","guid":{"rendered":"https:\/\/planeat.today\/kontakt\/"},"modified":"2024-05-21T11:30:18","modified_gmt":"2024-05-21T09:30:18","slug":"kontakt","status":"publish","type":"page","link":"https:\/\/planeat.today\/de\/kontakt\/","title":{"rendered":"Kontakt"},"content":{"rendered":"<p>[et_pb_section fb_built=&#8220;1&#8243; fullwidth=&#8220;on&#8220; _builder_version=&#8220;4.21.0&#8243; _module_preset=&#8220;default&#8220; background_enable_color=&#8220;off&#8220; global_colors_info=&#8220;{}&#8220;][et_pb_fullwidth_header title=&#8220;Kontakt&#8220; text_orientation=&#8220;center&#8220; _builder_version=&#8220;4.21.0&#8243; _module_preset=&#8220;default&#8220; title_font=&#8220;Lora|700|||||||&#8220; title_text_color=&#8220;#336666&#8243; title_font_size=&#8220;60px&#8220; content_text_color=&#8220;#FFFFFF&#8220; content_font_size=&#8220;18px&#8220; background_enable_color=&#8220;off&#8220; use_background_color_gradient=&#8220;on&#8220; background_color_gradient_stops=&#8220;rgba(255,255,255,0.84) 0%|rgba(119,119,119,0.68) 55%&#8220; background_color_gradient_overlays_image=&#8220;on&#8220; background_image=&#8220;https:\/\/planeat.today\/wp-content\/uploads\/2023\/06\/Contacto-PlanEat.webp&#8220; min_height=&#8220;612px&#8220; custom_margin=&#8220;||||false|false&#8220; hover_enabled=&#8220;0&#8243; global_colors_info=&#8220;{}&#8220; sticky_enabled=&#8220;0&#8243;]<\/p>\n<p>Bitte z\u00f6gern Sie nicht, uns zu kontaktieren, wenn Sie Fragen zu unserer Anwendung haben, technische Unterst\u00fctzung ben\u00f6tigen oder Vorschl\u00e4ge zur Verbesserung unserer Plattform haben.<br \/><span style=\"color: #99cc00;\"><a style=\"color: #99cc00;\" href=\"mailto:info@planeat.today\">info@planeat.today<\/a><\/span><\/p>\n<p>&nbsp;<\/p>\n<p>[\/et_pb_fullwidth_header][\/et_pb_section][et_pb_section fb_built=&#8220;1&#8243; _builder_version=&#8220;4.21.0&#8243; _module_preset=&#8220;default&#8220; global_colors_info=&#8220;{}&#8220;][et_pb_row _builder_version=&#8220;4.21.0&#8243; _module_preset=&#8220;default&#8220; global_colors_info=&#8220;{}&#8220;][et_pb_column type=&#8220;4_4&#8243; _builder_version=&#8220;4.21.0&#8243; _module_preset=&#8220;default&#8220; global_colors_info=&#8220;{}&#8220;][et_pb_text _builder_version=&#8220;4.21.0&#8243; _module_preset=&#8220;default&#8220; header_4_font_size=&#8220;21px&#8220; text_orientation=&#8220;center&#8220; global_colors_info=&#8220;{}&#8220;]<\/p>\n<h4>Wir beantworten Ihnen alle Fragen, die Sie haben.<\/h4>\n<p>[\/et_pb_text][et_pb_text _builder_version=&#8220;4.21.0&#8243; _module_preset=&#8220;default&#8220; header_4_font_size=&#8220;21px&#8220; text_orientation=&#8220;center&#8220; global_colors_info=&#8220;{}&#8220;]<\/p>\n<h4><span style=\"color: #008080;\">Wir passen uns Ihren Bed\u00fcrfnissen an<\/span><\/h4>\n<p>[\/et_pb_text][\/et_pb_column][\/et_pb_row][et_pb_row column_structure=&#8220;1_3,1_3,1_3&#8243; _builder_version=&#8220;4.21.0&#8243; _module_preset=&#8220;default&#8220; global_colors_info=&#8220;{}&#8220;][et_pb_column type=&#8220;1_3&#8243; _builder_version=&#8220;4.21.0&#8243; _module_preset=&#8220;default&#8220; global_colors_info=&#8220;{}&#8220;][et_pb_image src=&#8220;https:\/\/planeat.today\/wp-content\/uploads\/2023\/06\/menu04.png&#8220; title_text=&#8220;menu04&#8243; _builder_version=&#8220;4.21.0&#8243; _module_preset=&#8220;default&#8220; global_colors_info=&#8220;{}&#8220;][\/et_pb_image][\/et_pb_column][et_pb_column type=&#8220;1_3&#8243; _builder_version=&#8220;4.21.0&#8243; _module_preset=&#8220;default&#8220; global_colors_info=&#8220;{}&#8220;][et_pb_image src=&#8220;https:\/\/planeat.today\/wp-content\/uploads\/2023\/06\/foto4.png&#8220; title_text=&#8220;foto4&#8243; _builder_version=&#8220;4.21.0&#8243; _module_preset=&#8220;default&#8220; global_colors_info=&#8220;{}&#8220;][\/et_pb_image][\/et_pb_column][et_pb_column type=&#8220;1_3&#8243; _builder_version=&#8220;4.21.0&#8243; _module_preset=&#8220;default&#8220; global_colors_info=&#8220;{}&#8220;][et_pb_image src=&#8220;https:\/\/planeat.today\/wp-content\/uploads\/2023\/06\/menu00.png&#8220; title_text=&#8220;menu00&#8243; _builder_version=&#8220;4.21.0&#8243; _module_preset=&#8220;default&#8220; global_colors_info=&#8220;{}&#8220;][\/et_pb_image][\/et_pb_column][\/et_pb_row][\/et_pb_section]<\/p>\n","protected":false},"excerpt":{"rendered":"<p>Bitte z\u00f6gern Sie nicht, uns zu kontaktieren, wenn Sie Fragen zu unserer Anwendung haben, technische Unterst\u00fctzung ben\u00f6tigen oder Vorschl\u00e4ge zur Verbesserung unserer Plattform haben.info@planeat.today &nbsp;Wir beantworten Ihnen alle Fragen, die Sie haben.Wir passen uns Ihren Bed\u00fcrfnissen an<\/p>\n","protected":false},"author":2,"featured_media":0,"parent":0,"menu_order":0,"comment_status":"closed","ping_status":"closed","template":"","meta":{"_et_pb_use_builder":"on","_et_pb_old_content":"","_et_gb_content_width":"","footnotes":""},"class_list":["post-2703","page","type-page","status-publish","hentry"],"_links":{"self":[{"href":"https:\/\/planeat.today\/de\/wp-json\/wp\/v2\/pages\/2703","targetHints":{"allow":["GET"]}}],"collection":[{"href":"https:\/\/planeat.today\/de\/wp-json\/wp\/v2\/pages"}],"about":[{"href":"https:\/\/planeat.today\/de\/wp-json\/wp\/v2\/types\/page"}],"author":[{"embeddable":true,"href":"https:\/\/planeat.today\/de\/wp-json\/wp\/v2\/users\/2"}],"replies":[{"embeddable":true,"href":"https:\/\/planeat.today\/de\/wp-json\/wp\/v2\/comments?post=2703"}],"version-history":[{"count":2,"href":"https:\/\/planeat.today\/de\/wp-json\/wp\/v2\/pages\/2703\/revisions"}],"predecessor-version":[{"id":2705,"href":"https:\/\/planeat.today\/de\/wp-json\/wp\/v2\/pages\/2703\/revisions\/2705"}],"wp:attachment":[{"href":"https:\/\/planeat.today\/de\/wp-json\/wp\/v2\/media?parent=2703"}],"curies":[{"name":"wp","href":"https:\/\/api.w.org\/{rel}","templated":true}]}}