{"id":2536,"date":"2023-06-08T09:43:21","date_gmt":"2023-06-08T07:43:21","guid":{"rendered":"https:\/\/planeat.today\/datenschutzpolitik\/"},"modified":"2024-05-09T13:23:09","modified_gmt":"2024-05-09T11:23:09","slug":"datenschutzpolitik","status":"publish","type":"page","link":"https:\/\/planeat.today\/de\/rechtlicher-hinweis\/datenschutzpolitik\/","title":{"rendered":"Datenschutzpolitik"},"content":{"rendered":"\n<p>Im Folgenden informieren wir Sie \u00fcber die Verarbeitung der personenbezogenen Daten, die Sie uns zur Verf\u00fcgung stellen. In jedem Fall informieren wir Sie an jeder Stelle, an der wir Ihre Daten abfragen, ausf\u00fchrlich dar\u00fcber, wer f\u00fcr die Verarbeitung Ihrer Daten verantwortlich ist, \u00fcber den Zweck der Verarbeitung, die Rechtsgrundlage f\u00fcr die Legitimation, an wen wir Ihre Daten gegebenenfalls weitergeben und wie Sie Ihre Rechte aus\u00fcben k\u00f6nnen.&#13;\n<\/p>\n\n<p><ol>&#13;\n<li><b> WER IST F\u00dcR DIE VERARBEITUNG IHRER DATEN VERANTWORTLICH?<\/b><\/li>&#13;\n<\/ol><\/p>\n\n<p><p><span style=\"font-weight: 400;\">Desarrollos T\u00e9cnicos Soluciones TIC, S.L.<br\/><\/span><span style=\"font-weight: 400;\">C\/ Cam\u00ed dels Talecons n\u00ba 24, 03804, Alcoy (Alicante)<br\/><\/span><span style=\"font-weight: 400;\">CIF: B54495700<\/span><\/p><\/p>\n\n<p><\/p>\n\n<p><ol start=\"2\">&#13;\n<li><b> WAS IST DER ZWECK DER DATENVERARBEITUNG?<\/b><\/li>&#13;\n<\/ol><\/p>\n\n<p>Desarrollos T\u00e9cnicos Soluciones TIC, S.L. wird Ihre Daten zu folgenden Zwecken verarbeiten:&#13;\n<\/p>\n\n<ul class=\"wp-block-list\">\n<li>Um Ihren Gesundheits- und Ern\u00e4hrungszustand zu bewerten, Aktionspl\u00e4ne zur Verbesserung Ihrer Ern\u00e4hrungsgesundheit zu erstellen und Ihre Fortschritte zu \u00fcberwachen. Zu diesem Zweck m\u00fcssen Sie uns neben Ihren Identifikationsdaten (Vor- und Nachname, Telefon, E-Mail und Bild) Daten wie Hobbys und Lebensstil, Familiendaten, Geburtsdatum, Alter, Geschlecht, Beruf oder Besch\u00e4ftigung sowie Ihre Gesundheitsdaten, einschlie\u00dflich Ihrer Krankheitsgeschichte, chirurgischer Eingriffe, pharmakologischer Behandlungen, denen Sie sich unterziehen, und Ihrer anthropometrischen Daten in Bezug auf Gewicht, Gr\u00f6\u00dfe, Taillen- und H\u00fcftumfang mitteilen. Wir bewahren Ihre Daten 5 Jahre lang ab Ihrem letzten Besuch auf.&#13;\n<\/li>\n\n\n\n<li>Um Ihre Bestellung zu bearbeiten, Ihre Bestellung in Rechnung zu stellen und Ihre Zahlung zu verwalten. Hierf\u00fcr ben\u00f6tigen wir lediglich Ihre Identifikationsdaten wie Vorname, Nachname, Telefonnummer und E-Mail-Adresse. Wir werden Ihre Daten 5 Jahre lang aufbewahren.<\/li>\n\n\n\n<li>Um die Videos und Fotos, die Sie uns schicken, auf unseren sozialen Profilen und unserer Website zu ver\u00f6ffentlichen, damit wir Ihre Erfolge teilen k\u00f6nnen. Bei den Daten, die wir ver\u00f6ffentlichen, handelt es sich um Ihren Namen, Nachnamen, Ihre Stimme\/Ihr Bild und die anthropometrischen Daten, die Sie uns zur Verf\u00fcgung stellen. Wir bewahren Ihre Daten auf, solange Sie uns nicht bitten, sie zu l\u00f6schen.&#13;\n<\/li>\n\n\n\n<li>Um Ihnen unseren Newsletter zuzusenden, wenn Sie dies w\u00fcnschen. Wir bewahren Ihre Daten so lange auf, wie Sie uns nicht um deren L\u00f6schung bitten.&#13;\n<\/li>\n<\/ul>\n\n<p><ol start=\"3\">&#13;\n<li><b> WAS IST DIE RECHTSGRUNDLAGE F\u00dcR DIE VERARBEITUNG IHRER DATEN?<\/b><\/li>&#13;\n<\/ol><\/p>\n\n<p>Je nach Zweck ist die Rechtsgrundlage f\u00fcr die Einwilligung unterschiedlich:<\/p>\n\n<ul class=\"wp-block-list\">\n<li>Zur Beurteilung Ihres Gesundheits- und Ern\u00e4hrungszustands, zur Erstellung von Aktionspl\u00e4nen zur Verbesserung Ihrer Ern\u00e4hrungsgesundheit und zur \u00dcberwachung Ihrer Fortschritte ben\u00f6tigen wir unbedingt Ihre Einwilligung.&#13;\n<\/li>\n\n\n\n<li>F\u00fcr die Verwaltung Ihrer Bestellung, die Rechnungsstellung und die Zahlungsabwicklung ist unsere gesetzliche Legitimationsgrundlage die Ausf\u00fchrung eines Vertrags, an dem der Betroffene beteiligt ist.&#13;\n<\/li>\n\n\n\n<li>Um die Videos und Fotos, die Sie uns schicken, auf unseren sozialen Profilen und unserer Website zu ver\u00f6ffentlichen und Ihre Erfolge zu teilen, ben\u00f6tigen wir Ihre Einwilligung.&#13;\n<\/li>\n\n\n\n<li>Um Ihnen unseren Newsletter zusenden zu k\u00f6nnen, wenn Sie dies w\u00fcnschen, ben\u00f6tigen wir ebenfalls Ihre Einwilligung.&#13;\n<\/li>\n<\/ul>\n\n<p><ol start=\"4\">&#13;\n<li><b> AN WEN WERDEN IHRE PERSONENBEZOGENEN DATEN WEITERGEGEBEN?<\/b><\/li>&#13;\n<\/ol><\/p>\n\n<p>Eine Weitergabe Ihrer personenbezogenen Daten an Dritte ist nicht vorgesehen.<\/p>\n\n<p><ol start=\"5\">&#13;\n<li><b> WELCHE RECHTE HABEN SIE, WENN SIE UNS IHRE PERSONENBEZOGENEN DATEN ZUR VERF\u00dcGUNG STELLEN?<\/b><\/li>&#13;\n<\/ol><\/p>\n\n<p>Sie haben das Recht auf:<\/p>\n\n<ul class=\"wp-block-list\">\n<li>Zugang zu Ihren personenbezogenen Daten.<\/li>\n\n\n\n<li>Ihre Berichtigung zu verlangen<\/li>\n\n\n\n<li>ihre L\u00f6schung zu verlangen.<\/li>\n\n\n\n<li>Einspruch gegen ihre Verarbeitung zu erheben.<\/li>\n\n\n\n<li>die Einschr\u00e4nkung der Verarbeitung zu verlangen.<\/li>\n\n\n\n<li>Die \u00dcbertragbarkeit der personenbezogenen Daten.<\/li>\n<\/ul>\n\n<p>Sie k\u00f6nnen Ihre Rechte aus\u00fcben, indem Sie an die folgende Adresse schreiben: Desarrollos T\u00e9cnicos Soluciones TIC, S.L. C\/ Cam\u00ed dels Talecons n\u00ba 24, 03804, Alcoy (Alicante) CIF: B54495700&#13;\n<\/p>\n\n<p>Ihr Antrag muss Datum, Vor- und Nachname, Antrag, in dem der Antrag spezifiziert wird, Adresse f\u00fcr den Zweck der Mitteilungen enthalten. Um jeden begr\u00fcndeten Zweifel an der Identit\u00e4t der nat\u00fcrlichen Person, die den Antrag stellt, auszur\u00e4umen, bitten wir Sie, Ihren Personalausweis oder ein \u00e4hnliches Dokument zur Best\u00e4tigung Ihrer Identit\u00e4t vorzulegen.&#13;\n<\/p>\n\n<p>Wenn Sie der Meinung sind, dass Desarrollos T\u00e9cnicos Soluciones TIC, S.L. Ihre Anfrage nicht korrekt beantwortet hat, k\u00f6nnen Sie sich an die spanische Datenschutzbeh\u00f6rde wenden, deren Daten Sie unter www.agpd.es einsehen k\u00f6nnen.&#13;\n<\/p>\n","protected":false},"excerpt":{"rendered":"<p>Im Folgenden informieren wir Sie \u00fcber die Verarbeitung der personenbezogenen Daten, die Sie uns zur Verf\u00fcgung stellen. In jedem Fall informieren wir Sie an jeder Stelle, an der wir Ihre Daten abfragen, ausf\u00fchrlich dar\u00fcber, wer f\u00fcr die Verarbeitung Ihrer Daten verantwortlich ist, \u00fcber den Zweck der Verarbeitung, die Rechtsgrundlage f\u00fcr die Legitimation, an wen wir [&hellip;]<\/p>\n","protected":false},"author":2,"featured_media":0,"parent":2527,"menu_order":0,"comment_status":"closed","ping_status":"closed","template":"","meta":{"_et_pb_use_builder":"off","_et_pb_old_content":"","_et_gb_content_width":"","footnotes":""},"class_list":["post-2536","page","type-page","status-publish","hentry"],"_links":{"self":[{"href":"https:\/\/planeat.today\/de\/wp-json\/wp\/v2\/pages\/2536","targetHints":{"allow":["GET"]}}],"collection":[{"href":"https:\/\/planeat.today\/de\/wp-json\/wp\/v2\/pages"}],"about":[{"href":"https:\/\/planeat.today\/de\/wp-json\/wp\/v2\/types\/page"}],"author":[{"embeddable":true,"href":"https:\/\/planeat.today\/de\/wp-json\/wp\/v2\/users\/2"}],"replies":[{"embeddable":true,"href":"https:\/\/planeat.today\/de\/wp-json\/wp\/v2\/comments?post=2536"}],"version-history":[{"count":3,"href":"https:\/\/planeat.today\/de\/wp-json\/wp\/v2\/pages\/2536\/revisions"}],"predecessor-version":[{"id":2539,"href":"https:\/\/planeat.today\/de\/wp-json\/wp\/v2\/pages\/2536\/revisions\/2539"}],"up":[{"embeddable":true,"href":"https:\/\/planeat.today\/de\/wp-json\/wp\/v2\/pages\/2527"}],"wp:attachment":[{"href":"https:\/\/planeat.today\/de\/wp-json\/wp\/v2\/media?parent=2536"}],"curies":[{"name":"wp","href":"https:\/\/api.w.org\/{rel}","templated":true}]}}