{"id":2532,"date":"2023-06-08T09:45:54","date_gmt":"2023-06-08T07:45:54","guid":{"rendered":"https:\/\/planeat.today\/cookies-richtlinie\/"},"modified":"2024-05-20T13:46:33","modified_gmt":"2024-05-20T11:46:33","slug":"cookies-richtlinie","status":"publish","type":"page","link":"https:\/\/planeat.today\/de\/cookies-richtlinie\/","title":{"rendered":"Cookies-Richtlinie"},"content":{"rendered":"\n<h2 class=\"wp-block-heading\">Cookies-Richtlinie<\/h2>\n\n\n\n<p>Wir verwenden Cookies. Cookies sind kleine Dateien, Archive oder Ger\u00e4te, die auf Ihr Endger\u00e4t heruntergeladen werden, wenn Sie auf die Website zugreifen, um Daten \u00fcber Ihre Surfgewohnheiten zu speichern, die wir aktualisieren und abrufen k\u00f6nnen. Wir verwenden eigene Cookies und Cookies von Drittanbietern zu verschiedenen Zwecken, z. B. zur Aufzeichnung Ihrer Aktivit\u00e4ten auf der Website, zur technischen Verwaltung Ihres Zugriffs auf die Website und ihrer Nutzung, zur Optimierung und Verbesserung unserer Dienste durch Analyse Ihrer Surfgewohnheiten.<\/p>\n\n\n\n<h2 class=\"wp-block-heading\">Definition und Funktionen von Cookies<\/h2>\n\n\n\n<p>Cookies sind kleine Dateien, Archive oder Vorrichtungen, die auf Ihr Endger\u00e4t heruntergeladen werden, wenn Sie auf die Website zugreifen, um Daten \u00fcber Ihre Surfgewohnheiten zu speichern, die wir zu verschiedenen Zwecken aktualisieren und abrufen k\u00f6nnen, z. B. um unsere Dienste zu verbessern oder Ihre Pr\u00e4ferenzen zu kennen, damit wir Ihnen Werbung zeigen k\u00f6nnen.\r\n<\/p>\n\n\n\n<h2 class=\"wp-block-heading\">Wozu wir Cookies verwenden<\/h2>\n\n\n\n<p>Wir verwenden eigene Cookies und Cookies von Drittanbietern f\u00fcr verschiedene Zwecke, zum Beispiel:<\/p>\n\n\n\n<ul class=\"wp-block-list\">\n<li>Ihre Aktivit\u00e4ten auf der Website zu registrieren,<\/li>\n\n\n\n<li>Ihren Zugang zur Website und deren Nutzung technisch zu verwalten,<\/li>\n\n\n\n<li>unsere Dienstleistungen zu optimieren und zu verbessern,<\/li>\n\n\n\n<li>Ihnen durch die Analyse Ihrer Surfgewohnheiten Werbung zu zeigen, die Ihren Pr\u00e4ferenzen entspricht.\r\n<\/li>\n<\/ul>\n\n\n\n<h2 class=\"wp-block-heading\">Wie Sie Cookies deaktivieren oder l\u00f6schen k\u00f6nnen<\/h2>\n\n\n\n<p>Sie k\u00f6nnen auf Ihrem Computer installierte Cookies jederzeit zulassen, blockieren oder l\u00f6schen, indem Sie die auf Ihrem Computer installierten Browser-Optionen konfigurieren.\r\n<\/p>\n\n\n\n<ul class=\"wp-block-list\">\n<li><span style=\"font-weight: 400;\">Chrome: <a href=\"https:\/\/support.google.com\/chrome\/answer\/95647?hl=es\" target=\"_blank\" rel=\"noopener\">Verwaltung von Cookies und Website-Daten<\/a><\/span><br><\/li>\n\n\n\n<li><span style=\"font-weight: 400;\">Firefox: <a href=\"https:\/\/support.mozilla.org\/es\/kb\/habilitar-y-deshabilitar-cookies-sitios-web-rastrear-preferencias?redirectslug=habilitar-y-deshabilitar-cookies-que-los-sitios-we&amp;redirectlocale=es\" target=\"_blank\" rel=\"noopener\">Aktivieren und Deaktivieren von Cookies<\/a>, die Websites verwenden, um Ihre Pr\u00e4ferenzen zu verfolgen.<\/span><br><\/li>\n\n\n\n<li><span style=\"font-weight: 400;\">Internet Explorer: <a href=\"https:\/\/support.microsoft.com\/es-es\/windows\/eliminar-y-administrar-cookies-168dab11-0753-043d-7c16-ede5947fc64d\" target=\"_blank\" rel=\"noopener\">Cookies blockieren oder zulassen<\/a><\/span><br><\/li>\n\n\n\n<li><span style=\"font-weight: 400;\">Safari: <a href=\"https:\/\/support.apple.com\/es-es\/guide\/safari\/sfri11471\/mac\" target=\"_blank\" rel=\"noopener\">Cookies verwalten<\/a><\/span><br><\/li>\n<\/ul>\n\n\n\n<h2 class=\"wp-block-heading\">Informationen dar\u00fcber, wer Cookies verwendet<\/h2>\n\n\n\n<p>Die durch Cookies gesammelten Informationen werden von uns verarbeitet<\/p>\n\n\n\n<figure class=\"wp-block-table\"><table><tbody><tr><th>Cookies<\/th><th>Name<\/th><th>Zweck<\/th><th>Mehr Informationen<\/th><\/tr><tr><td rowspan=\"6\">Google Privacy Center &#8211; Erg\u00e4nzung zur Deaktivierung von Google Analytics.<\/td><td>GoogleAnalytics<\/td><td>Es wird verwendet, um Nutzer und Sitzungen zu unterscheiden. Das Cookie wird erstellt, wenn die Javascript-Bibliothek ausgef\u00fchrt wird und _utma-Cookies nicht vorhanden sind. Das Cookie wird jedes Mal aktualisiert, wenn Daten an Google Analytics gesendet werden.\r\n<\/td><td rowspan=\"6\"><p><span style=\"font-weight: 400;\"><a href=\"https:\/\/marketingplatform.google.com\/about\/\" target=\"_blank\" rel=\"noopener\">Google<\/a> Privacy Center &#8211; Erg\u00e4nzung zur Deaktivierung von <a href=\"https:\/\/tools.google.com\/dlpage\/gaoptout?hl=es\" target=\"_blank\" rel=\"noopener\">Google Analytics<\/a>.<\/span><\/p><\/td><\/tr><tr><td>_ga<\/td><td>Sammelt anonyme Informationen \u00fcber das Surfen der Nutzer auf der Website, um den Ursprung der Besuche und andere \u00e4hnliche statistische Daten zu erfahren.\r\n<\/td><\/tr><tr><td>_utmb<\/td><td> Es wird verwendet, um neue Sitzungen \/ Besuche zu bestimmen. Das Cookie wird erstellt, wenn die Javascript-Bibliothek ausgef\u00fchrt wird und _utmb-Cookies nicht vorhanden sind. Das Cookie wird jedes Mal aktualisiert, wenn Daten an Google Analytics gesendet werden.\r\n<\/td><\/tr><tr><td>_utmc<\/td><td>Wird in ga.js nicht verwendet. Erstellt f\u00fcr die Interoperabilit\u00e4t mit urchin.js. Historisch gesehen arbeitet dieses Cookie in Verbindung mit dem _utmb-Cookie, um festzustellen, ob sich der Benutzer in einer neuen Sitzung \/ einem neuen Besuch befindet.\r\n<\/td><\/tr><tr><td>_utmz<\/td><td>Speichert die Verkehrsquelle oder eine Kampagne, die erkl\u00e4rt, wie der Nutzer auf die Website gelangt ist. Das Cookie wird bei der Ausf\u00fchrung der Javascript-Bibliothek erstellt und jedes Mal aktualisiert, wenn Daten an Google Analytics gesendet werden.\r\n<\/td><\/tr><tr><td>_utmv<\/td><td>Dieses Cookie wird erstellt, wenn ein Entwickler die Methode _setCustomVar mit einer benutzerdefinierten Variable verwendet. Dieses Cookie wurde auch f\u00fcr die veraltete _setVar-Methode verwendet. Das Cookie wird jedes Mal aktualisiert, wenn Daten an Google Analytics gesendet werden.<\/td><\/tr><\/tbody><\/table><\/figure>\n","protected":false},"excerpt":{"rendered":"<p>Cookies-Richtlinie Wir verwenden Cookies. Cookies sind kleine Dateien, Archive oder Ger\u00e4te, die auf Ihr Endger\u00e4t heruntergeladen werden, wenn Sie auf die Website zugreifen, um Daten \u00fcber Ihre Surfgewohnheiten zu speichern, die wir aktualisieren und abrufen k\u00f6nnen. Wir verwenden eigene Cookies und Cookies von Drittanbietern zu verschiedenen Zwecken, z. B. zur Aufzeichnung Ihrer Aktivit\u00e4ten auf der [&hellip;]<\/p>\n","protected":false},"author":2,"featured_media":0,"parent":0,"menu_order":0,"comment_status":"closed","ping_status":"closed","template":"","meta":{"_et_pb_use_builder":"off","_et_pb_old_content":"","_et_gb_content_width":"","footnotes":""},"class_list":["post-2532","page","type-page","status-publish","hentry"],"_links":{"self":[{"href":"https:\/\/planeat.today\/de\/wp-json\/wp\/v2\/pages\/2532","targetHints":{"allow":["GET"]}}],"collection":[{"href":"https:\/\/planeat.today\/de\/wp-json\/wp\/v2\/pages"}],"about":[{"href":"https:\/\/planeat.today\/de\/wp-json\/wp\/v2\/types\/page"}],"author":[{"embeddable":true,"href":"https:\/\/planeat.today\/de\/wp-json\/wp\/v2\/users\/2"}],"replies":[{"embeddable":true,"href":"https:\/\/planeat.today\/de\/wp-json\/wp\/v2\/comments?post=2532"}],"version-history":[{"count":4,"href":"https:\/\/planeat.today\/de\/wp-json\/wp\/v2\/pages\/2532\/revisions"}],"predecessor-version":[{"id":2669,"href":"https:\/\/planeat.today\/de\/wp-json\/wp\/v2\/pages\/2532\/revisions\/2669"}],"wp:attachment":[{"href":"https:\/\/planeat.today\/de\/wp-json\/wp\/v2\/media?parent=2532"}],"curies":[{"name":"wp","href":"https:\/\/api.w.org\/{rel}","templated":true}]}}