{"id":2527,"date":"2023-06-08T09:44:59","date_gmt":"2023-06-08T07:44:59","guid":{"rendered":"https:\/\/planeat.today\/rechtlicher-hinweis\/"},"modified":"2024-05-20T13:47:26","modified_gmt":"2024-05-20T11:47:26","slug":"rechtlicher-hinweis","status":"publish","type":"page","link":"https:\/\/planeat.today\/de\/rechtlicher-hinweis\/","title":{"rendered":"Rechtlicher Hinweis"},"content":{"rendered":"\n<h4 class=\"wp-block-heading\"><p><b>&gt; \u00dcBER UNS<\/b><\/p><\/h4>\n\n\n\n<p><p><span style=\"font-weight: 400;\">Plan Eat ist eine Dienstleistung, die von dem spanischen Unternehmen Desarrollos T\u00e9cnicos Soluciones TIC, S.L. C\/ Cam\u00ed dels Talecons n\u00ba 24, 03804, Alcoy (Alicante), angeboten wird.<\/span><\/p>&#13;\n<p><span style=\"font-weight: 400;\">CIF: B54495700 und ordnungsgem\u00e4\u00df eingetragen im Handelsregister von Alicante am 22. Juni 2005, Band 2.946, Folio 219, Seite A-93.062 und erste Eintragung.<\/span><\/p><\/p>\n\n\n\n<p><p><span style=\"font-weight: 400;\">Der Dienst f\u00fcr Ern\u00e4hrung und Di\u00e4tetik wird von Frau Neus Palacios, mit der Mitgliedsnummer CV00442 im offiziellen Kollegium der Di\u00e4tassistenten und Ern\u00e4hrungsberater der Comunitat Valenciana, und Frau Amparo Pastor, mit der Mitgliedsnummer CV00693 im offiziellen Kollegium der Di\u00e4tassistenten und Ern\u00e4hrungsberater der Comunitat Valenciana, geleistet.<\/span><\/p><\/p>\n\n\n\n<p><p><span style=\"font-weight: 400;\">Sie k\u00f6nnen uns per Post unter der oben genannten Adresse, telefonisch unter <em><strong><a href=\"tel:902611348\">902 611 348<\/a><\/strong>,\u00a0<strong><a href=\"tel:965051063\">965 051 063<\/a><\/strong><\/em> oder per E-Mail an <em><strong><a href=\"mailto:info@corporissanum.com\">info@planeat.me<\/a><\/strong><\/em> erreichen.<\/span><\/p><\/p>\n\n\n\n<h4 class=\"wp-block-heading\"><p><b>&gt; ALLGEMEINE BEDINGUNGEN F\u00dcR DIE NUTZUNG DES WEBPORTALS<\/b><\/p><\/h4>\n\n\n\n<p>Die in diesem rechtlichen Hinweis enthaltenen allgemeinen Bedingungen regeln den Zugang und die Nutzung der Website, die Desarrollos T\u00e9cnicos Soluciones TIC, S.L. den Internetnutzern grunds\u00e4tzlich kostenlos zur Verf\u00fcgung stellt, unbeschadet der Tatsache, dass sich dieser Umstand in Zukunft \u00e4ndern kann.<\/p>\n\n\n\n<p>Der Zugang zu dieser Website setzt die uneingeschr\u00e4nkte Annahme dieser Bedingungen voraus. Die Nutzung bestimmter auf dieser Website angebotener Dienste unterliegt ebenfalls den jeweils angegebenen besonderen Bedingungen, die durch die blo\u00dfe Nutzung dieser Dienste als akzeptiert gelten.<\/p>\n\n\n\n<h4 class=\"wp-block-heading\"><p><b>&gt; GENEHMIGUNG<\/b><\/p><\/h4>\n\n\n\n<p>Das Betrachten, Ausdrucken und teilweise Herunterladen des Inhalts der Website ist nur und ausschlie\u00dflich dann gestattet, wenn die folgenden Bedingungen erf\u00fcllt sind:<\/p>\n\n\n\n<p>1. dass es mit den Zielen der Website vereinbar ist.<\/p>\n\n\n\n<p>2. Die Nutzung erfolgt ausschlie\u00dflich zum Zweck der Beschaffung der darin enthaltenen Informationen f\u00fcr den pers\u00f6nlichen und privaten Gebrauch. Die Verwendung zu kommerziellen Zwecken oder zur Verbreitung, \u00f6ffentlichen Mitteilung, Umwandlung oder Dekompilierung ist ausdr\u00fccklich verboten.<\/p>\n\n\n\n<p>3. Dass keiner der Inhalte der Website in irgendeiner Weise ver\u00e4ndert wird.\r\n<\/p>\n\n\n\n<p>4. Keine der auf der Website verf\u00fcgbaren Grafiken, Icons oder Bilder darf separat von den \u00fcbrigen dazugeh\u00f6rigen Bildern verwendet, kopiert oder verbreitet werden.\r\n<\/p>\n\n\n\n<p>Die unerlaubte Nutzung der auf der Website enthaltenen Informationen, ihr Weiterverkauf sowie jede Verletzung der geistigen oder gewerblichen Eigentumsrechte von Desarrollos T\u00e9cnicos Soluciones TIC, S.L. ziehen die gesetzlich festgelegten Verantwortlichkeiten nach sich.<\/p>\n\n\n\n<p><p><b>VERANTWORTLICHKEITEN &gt; IM ALLGEMEINEN<\/b><\/p><\/p>\n\n\n\n<p>Sowohl der Zugriff auf die Website als auch jede unbefugte Nutzung der darin enthaltenen Informationen liegt in der alleinigen Verantwortung des Nutzers.\r\n<\/p>\n\n\n\n<h4 class=\"wp-block-heading\"><p><b>Betrieb und Verf\u00fcgbarkeit der Website<\/b><\/p><\/h4>\n\n\n\n<p>Desarrollos T\u00e9cnicos Soluciones TIC, S.L. beh\u00e4lt sich das Recht vor, jederzeit und ohne vorherige Ank\u00fcndigung \u00c4nderungen und Aktualisierungen der auf der Website enthaltenen Informationen, ihrer Konfiguration und Pr\u00e4sentation sowie der Zugangsbedingungen vorzunehmen. Desarrollos T\u00e9cnicos Soluciones TIC, S.L. haftet nicht f\u00fcr eventuelle Sicherheitsfehler oder f\u00fcr Sch\u00e4den, die am Computersystem des Benutzers (Hardware und Software) oder an den darin gespeicherten Dateien oder Dokumenten entstehen k\u00f6nnen, und zwar aufgrund von:<\/p>\n\n\n\n<p>1. Das Vorhandensein eines Virus auf dem Computer des Benutzers, der zur Verbindung mit den Diensten und Inhalten der Website verwendet wird;\r\n<\/p>\n\n\n\n<p>2. Eine Fehlfunktion des Browsers;<\/p>\n\n\n\n<p>3. Die Verwendung einer nicht aktualisierten Version desselben.<\/p>\n\n\n\n<p>Desarrollos T\u00e9cnicos Soluciones TIC, S.L. verwendet Virenerkennungsprogramme, um alle auf der Website enthaltenen Inhalte zu kontrollieren. Desarrollos T\u00e9cnicos Soluciones TIC, S.L. garantiert jedoch nicht die Abwesenheit von Viren oder anderen Elementen auf der Website, die von Dritten au\u00dferhalb von Desarrollos T\u00e9cnicos Soluciones TIC, S.L. eingebracht werden und Ver\u00e4nderungen in den physischen oder logischen Systemen der Nutzer oder in den elektronischen Dokumenten und Dateien, die in ihren Systemen gespeichert sind, verursachen k\u00f6nnen. Folglich haftet Desarrollos T\u00e9cnicos Soluciones TIC, S.L. in keinem Fall f\u00fcr Sch\u00e4den jeglicher Art, die aus dem Vorhandensein von Viren oder anderen Elementen resultieren k\u00f6nnten, die Ver\u00e4nderungen in den physischen oder logischen Systemen, elektronischen Dokumenten oder Dateien der Nutzer verursachen k\u00f6nnten.<\/p>\n\n\n\n<p>Desgleichen ergreift Desarrollos T\u00e9cnicos Soluciones TIC, S.L. verschiedene Ma\u00dfnahmen, um seine Website gegen Computerangriffe von Dritten zu sch\u00fctzen. Desarrollos T\u00e9cnicos Soluciones TIC, S.L. garantiert jedoch nicht, dass unbefugte Dritte Zugang zu der Art der Nutzung der Website durch den Nutzer oder zu den Bedingungen, Merkmalen und Umst\u00e4nden, unter denen diese Nutzung erfolgt, haben. Folglich haftet Desarrollos T\u00e9cnicos Soluciones TIC, S.L. in keinem Fall f\u00fcr Sch\u00e4den, die sich aus einem solchen unbefugten Zugriff ergeben k\u00f6nnten.<\/p>\n\n\n\n<p>Desarrollos T\u00e9cnicos Soluciones TIC, S.L. garantiert nicht, dass es keine Unterbrechungen oder Fehler beim Zugriff auf die Website oder ihren Inhalt gibt, noch dass sie auf dem neuesten Stand ist. Desarrollos T\u00e9cnicos Soluciones TIC, S.L. wird, sofern es keine Gr\u00fcnde gibt, die die Ausf\u00fchrung unm\u00f6glich machen oder erschweren, und sobald sie Kenntnis von Fehlern, Unterbrechungen oder fehlender Aktualisierung der Inhalte hat, alle Anstrengungen unternehmen, um die Fehler zu beheben, die Kommunikation wiederherzustellen und die Inhalte zu aktualisieren.<\/p>\n\n\n\n<p>Desarrollos T\u00e9cnicos Soluciones TIC, S.L. beh\u00e4lt sich das Recht vor, den Zugang zu ihrer Website oder zu einem ihrer Inhalte jederzeit und ohne vorherige Ank\u00fcndigung zu unterbrechen.\r\n<\/p>\n\n\n\n<p><p><b>\u00dcber den Inhalt und die Qualit\u00e4t des Dienstes<\/b><\/p><\/p>\n\n\n\n<p>Desarrollos T\u00e9cnicos Soluciones TIC, S.L. \u00fcbernimmt keine Verantwortung f\u00fcr die Inhalte, die mit der Website verlinkt sind, sofern sie nicht mit ihr in Verbindung stehen, und garantiert auch nicht die Abwesenheit von Viren oder anderen Elementen, die Ver\u00e4nderungen im Computersystem (Hardware und Software), in den Dokumenten oder Dateien des Benutzers verursachen k\u00f6nnen, und schlie\u00dft jegliche Verantwortung f\u00fcr Sch\u00e4den jeglicher Art aus, die dem Benutzer aus diesem Grund entstehen.<\/p>\n\n\n\n<p>F\u00fcr den Fall, dass ein Nutzer, Kunde oder Dritter der Ansicht ist, dass die Inhalte oder Dienstleistungen, die auf den verlinkten Seiten angeboten werden, rechtswidrig sind oder Eigentum oder Rechte des Nutzers, eines Kunden oder eines schadensersatzpflichtigen Dritten verletzen, handelt es sich insbesondere um: <\/p>\n\n\n\n<p>1. Aktivit\u00e4ten oder Inhalte, die nach spanischem Strafrecht als kriminell angesehen werden k\u00f6nnen.<\/p>\n\n\n\n<p>2. Aktivit\u00e4ten oder Inhalte, die geistige oder gewerbliche Eigentumsrechte verletzen.\r\n<\/p>\n\n\n\n<p>3. Aktivit\u00e4ten oder Inhalte, die die \u00f6ffentliche Ordnung, die strafrechtliche Untersuchung, die \u00f6ffentliche Sicherheit und die nationale Verteidigung gef\u00e4hrden.\r\n<\/p>\n\n\n\n<p>4. Aktivit\u00e4ten oder Inhalte, die den Schutz der \u00f6ffentlichen Gesundheit, die Achtung der Menschenw\u00fcrde und den Grundsatz der Nichtdiskriminierung sowie den Schutz der Gesundheit und von Kindern gef\u00e4hrden.\r\n<\/p>\n\n\n\n<p>Sie k\u00f6nnen Desarrollos T\u00e9cnicos Soluciones TIC, S.L. dar\u00fcber informieren. Der Erhalt einer solchen Mitteilung bedeutet jedoch keine Kenntnisnahme im Sinne der Haftung nach Artikel 17 des LSSICE.\r\n<\/p>\n\n\n\n<p>Desarrollos T\u00e9cnicos Soluciones TIC, S.L. haftet nicht f\u00fcr die mangelnde N\u00fctzlichkeit oder Eignung f\u00fcr eine bestimmte Nutzung dieser Website. Des Weiteren haftet Desarollos T\u00e9nicos Soluciones TIC, S.L. nicht f\u00fcr Sch\u00e4den, die dem Nutzer aufgrund von Fehlern oder Auslassungen in den Inhalten dieser Website entstehen k\u00f6nnten, obwohl Desarollos T\u00e9nicos Soluciones TIC, S.L. sich verpflichtet, die Inhalte und Informationen regelm\u00e4\u00dfig zu \u00fcberpr\u00fcfen und zu kontrollieren.\r\n<\/p>\n\n\n\n<h4 class=\"wp-block-heading\"><p><b>Nutzung der Website<\/b><\/p><\/h4>\n\n\n\n<p>Desarrollos T\u00e9cnicos Soluciones TIC, S.L. \u00fcbernimmt unter keinen Umst\u00e4nden die Verantwortung f\u00fcr die Nutzung der Website oder der Inhalte durch die Benutzer oder f\u00fcr Sch\u00e4den, die sich daraus ergeben k\u00f6nnten.\r\n<\/p>\n\n\n\n<h4 class=\"wp-block-heading\"><p><b>Links zu anderen Websites<\/b><\/p><\/h4>\n\n\n\n<p>Alle Links von Dritten auf die Website m\u00fcssen auf deren Startseite verweisen, und &#8222;Deep Links&#8220;, &#8222;Framing&#8220; und jede andere Nutzung der Inhalte der Website durch unbefugte Dritte ist ausdr\u00fccklich verboten.<\/p>\n\n\n\n<p>\u00dcber diese Website kann der Nutzer auf Websites zugreifen, die Dritten geh\u00f6ren und\/oder von Dritten verwaltet werden.\r\n<\/p>\n\n\n\n<p>Das Vorhandensein solcher Links hat lediglich informativen Charakter und stellt in keinem Fall eine Aufforderung zum Abschluss eines Vertrags \u00fcber die auf der Ziel-Website angebotenen Produkte oder Dienstleistungen dar. Der Nutzer greift auf die Inhalte unter seiner ausschlie\u00dflichen Verantwortung und gem\u00e4\u00df den f\u00fcr sie geltenden Nutzungsbedingungen zu. Der Nutzer erkennt an und akzeptiert, dass Desarrollos T\u00e9cnicos Soluciones TIC, S.L. weder direkt noch indirekt f\u00fcr Sch\u00e4den verantwortlich ist, die durch den Zugriff auf solche Links entstehen.\r\n<\/p>\n\n\n\n<p>Sollte Desarrollos T\u00e9cnicos Soluciones TIC, S.L. tats\u00e4chliche Kenntnis davon haben, dass die Informationen oder Aktivit\u00e4ten, auf die sie von diesen Links aus verweist, rechtswidrig sind, eine Straftat darstellen oder das Eigentum oder die Rechte eines schadensersatzpflichtigen Dritten verletzen k\u00f6nnen, wird sie mit der erforderlichen Sorgfalt handeln, um den entsprechenden Link so schnell wie m\u00f6glich zu entfernen oder zu deaktivieren.\r\n<\/p>\n\n\n\n<p><p><b>&gt; GEWERBLICHES EIGENTUM<\/b><span style=\"font-weight: 400;\"> Die Nutzung der Website gew\u00e4hrt dem Nutzer keinerlei Rechte an Marken, Handelsnamen, Unterscheidungsmerkmalen oder Mustern jeglicher Art, die auf der Website erscheinen. Die Artikel, Nachrichten, Gesetze und andere \u00f6ffentliche Inhalte, deren geistige Eigentumsrechte nicht bei Desarrollos T\u00e9cnicos Soluciones TIC, S.L. liegen, werden ausschlie\u00dflich zu dem Zweck ver\u00f6ffentlicht, die Nutzer dieser Seite zu informieren.<\/span><\/p><\/p>\n\n\n\n<p>Desarrollos T\u00e9cnicos Soluciones TIC, S.L. ist Eigent\u00fcmer des Quellcodes, des Designs, der Navigationsstruktur, der Datenbanken und der verschiedenen Softwareelemente der Website sowie der gewerblichen und geistigen Eigentumsrechte an den darin enthaltenen Inhalten.\r\n<\/p>\n","protected":false},"excerpt":{"rendered":"<p>&gt; \u00dcBER UNS Plan Eat ist eine Dienstleistung, die von dem spanischen Unternehmen Desarrollos T\u00e9cnicos Soluciones TIC, S.L. C\/ Cam\u00ed dels Talecons n\u00ba 24, 03804, Alcoy (Alicante), angeboten wird. &#13; CIF: B54495700 und ordnungsgem\u00e4\u00df eingetragen im Handelsregister von Alicante am 22. Juni 2005, Band 2.946, Folio 219, Seite A-93.062 und erste Eintragung. Der Dienst f\u00fcr [&hellip;]<\/p>\n","protected":false},"author":2,"featured_media":0,"parent":0,"menu_order":0,"comment_status":"closed","ping_status":"closed","template":"","meta":{"_et_pb_use_builder":"off","_et_pb_old_content":"","_et_gb_content_width":"","footnotes":""},"class_list":["post-2527","page","type-page","status-publish","hentry"],"_links":{"self":[{"href":"https:\/\/planeat.today\/de\/wp-json\/wp\/v2\/pages\/2527","targetHints":{"allow":["GET"]}}],"collection":[{"href":"https:\/\/planeat.today\/de\/wp-json\/wp\/v2\/pages"}],"about":[{"href":"https:\/\/planeat.today\/de\/wp-json\/wp\/v2\/types\/page"}],"author":[{"embeddable":true,"href":"https:\/\/planeat.today\/de\/wp-json\/wp\/v2\/users\/2"}],"replies":[{"embeddable":true,"href":"https:\/\/planeat.today\/de\/wp-json\/wp\/v2\/comments?post=2527"}],"version-history":[{"count":4,"href":"https:\/\/planeat.today\/de\/wp-json\/wp\/v2\/pages\/2527\/revisions"}],"predecessor-version":[{"id":2670,"href":"https:\/\/planeat.today\/de\/wp-json\/wp\/v2\/pages\/2527\/revisions\/2670"}],"wp:attachment":[{"href":"https:\/\/planeat.today\/de\/wp-json\/wp\/v2\/media?parent=2527"}],"curies":[{"name":"wp","href":"https:\/\/api.w.org\/{rel}","templated":true}]}}